{"id":61,"date":"2010-11-16T22:25:47","date_gmt":"2010-11-16T21:25:47","guid":{"rendered":"http:\/\/rockberg-verein.de\/_wp"},"modified":"2014-07-05T09:49:39","modified_gmt":"2014-07-05T08:49:39","slug":"kontakt","status":"publish","type":"page","link":"http:\/\/rockberg-verein.de\/_wp\/kontakt","title":{"rendered":"Kontakt"},"content":{"rendered":"<p><strong>So nehmen Sie Kontakt zu uns auf:<\/strong><\/p>\n<p style=\"padding-left: 30px;\" align=\"left\">Rockberg-Verein<\/p>\n<p style=\"padding-left: 30px;\" align=\"left\">c\/o Christ<\/p>\n<p style=\"padding-left: 30px;\" align=\"left\">Am Sandhof 18<\/p>\n<p style=\"padding-left: 30px;\" align=\"left\">91590 Bruckberg<\/p>\n<p style=\"padding-left: 30px;\" align=\"left\">Telefon: 09824-923450<\/p>\n<p style=\"padding-left: 30px;\" align=\"left\">E-Mail:<br \/>\n<a href=\"mailto:info@rockberg-verein.de\">info@rockberg-verein.de<\/a><\/p>\n<p style=\"padding-left: 30px;\" align=\"left\">Folgt uns auf Facebook!<\/p>\n<p style=\"padding-left: 30px;\" align=\"left\"><a href=\"http:\/\/www.facebook.com\/rockbergverein\" target=\"_blank\"><img loading=\"lazy\" class=\"alignnone size-full wp-image-593\" title=\"facebook_button\" src=\"http:\/\/rockberg-verein.de\/_wp\/wp-content\/uploads\/facebook_button-e1337752686574.png\" alt=\"\" width=\"80\" height=\"80\" \/><\/a><\/p>\n<p align=\"left\">Wir freuen uns \u00fcber alle Bewerbungen zu unseren Events. Bitte seid nicht b\u00f6se, wenn wir Euch nicht buchen sollten und nicht jede Anfrage beantworten k\u00f6nnen.<\/p>\n","protected":false},"excerpt":{"rendered":"<p>So nehmen Sie Kontakt zu uns auf: Rockberg-Verein c\/o Christ Am Sandhof 18 91590 Bruckberg Telefon: 09824-923450 E-Mail: info@rockberg-verein.de Folgt uns auf Facebook! Wir freuen uns \u00fcber alle Bewerbungen zu unseren Events. Bitte seid nicht b\u00f6se, wenn wir Euch nicht buchen sollten und nicht jede Anfrage beantworten k\u00f6nnen.<\/p>\n","protected":false},"author":2,"featured_media":0,"parent":0,"menu_order":0,"comment_status":"closed","ping_status":"closed","template":"","meta":{"ngg_post_thumbnail":0},"_links":{"self":[{"href":"http:\/\/rockberg-verein.de\/_wp\/wp-json\/wp\/v2\/pages\/61"}],"collection":[{"href":"http:\/\/rockberg-verein.de\/_wp\/wp-json\/wp\/v2\/pages"}],"about":[{"href":"http:\/\/rockberg-verein.de\/_wp\/wp-json\/wp\/v2\/types\/page"}],"author":[{"embeddable":true,"href":"http:\/\/rockberg-verein.de\/_wp\/wp-json\/wp\/v2\/users\/2"}],"replies":[{"embeddable":true,"href":"http:\/\/rockberg-verein.de\/_wp\/wp-json\/wp\/v2\/comments?post=61"}],"version-history":[{"count":16,"href":"http:\/\/rockberg-verein.de\/_wp\/wp-json\/wp\/v2\/pages\/61\/revisions"}],"predecessor-version":[{"id":1423,"href":"http:\/\/rockberg-verein.de\/_wp\/wp-json\/wp\/v2\/pages\/61\/revisions\/1423"}],"wp:attachment":[{"href":"http:\/\/rockberg-verein.de\/_wp\/wp-json\/wp\/v2\/media?parent=61"}],"curies":[{"name":"wp","href":"https:\/\/api.w.org\/{rel}","templated":true}]}}