{"id":45,"date":"2010-11-16T22:16:09","date_gmt":"2010-11-16T21:16:09","guid":{"rendered":"http:\/\/rockberg-verein.de\/_wp"},"modified":"2014-07-05T11:06:31","modified_gmt":"2014-07-05T10:06:31","slug":"verein","status":"publish","type":"page","link":"http:\/\/rockberg-verein.de\/_wp\/verein","title":{"rendered":"Verein"},"content":{"rendered":"<p><strong>Liebe Freunde handgemachter und herzerdachter Musik!<\/strong><\/p>\n<p><strong>Liebe Musikerkollegen!<\/strong><\/p>\n<p><strong>Liebe Rock`n`Roll \u2013 Liebhaber!<\/strong><\/p>\n<p><strong>Liebe\/r &#8230;&#8230;&#8230;&#8230;&#8230;&#8230; (hier bitte Name oder sonstigen Titel hineindenken)!<\/strong><\/p>\n<p>&nbsp;<\/p>\n<table>\n<tbody>\n<tr>\n<td rowspan=\"3\" valign=\"top\">\n<p align=\"justify\">Hier findet Ihr Infos rund um unseren Verein zur F\u00f6rderung der Musik, der Rockkultur und der regionalen Kulturlandschaft.<\/p>\n<p align=\"justify\">Wir haben diesen Verein am 28.4.2006 im beschaulichen Bruckberg gegr\u00fcndet, um regionale Bands und Musiker zu unterst\u00fctzen, Kultur zu f\u00f6rdern und nat\u00fcrlich um unser legend\u00e4res Rockberg Openair auf gesicherte F\u00fc\u00dfe zu stellen.<\/p>\n<p align=\"justify\">Hier k\u00f6nnt ihr Euch als Bands oder K\u00fcnstler eintragen, Mitmusiker suchen, Flyer oder CDs designen lassen und vieles mehr. Schaut Euch einfach um.<\/p>\n<p align=\"justify\">Vor dem Verein gab es erst ein paar Bruckberger Jugendliche, die &#8222;was&#8220; machen wollten.<\/p>\n<p>Dann gab es die Band und dann die Idee: ein OpenAir, bei dem wir die Headliner sind!!!<\/p>\n<p>Dann kam das OpenAir.<\/p>\n<p>Tja, und da sind wir nun: ein Verein.<\/p>\n<p>Warum wir das tun?<\/p>\n<p><em><strong>&#8222;Ohne Musik w\u00e4re das Leben ein Irrtum.&#8220;<\/strong><\/em> (Friedrich Nietzsche)<\/td>\n<td rowspan=\"3\" valign=\"top\"><img loading=\"lazy\" class=\"alignleft wp-image-1437\" src=\"http:\/\/rockberg-verein.de\/_wp\/wp-content\/uploads\/PICT0019-e1404554719161-276x300.jpg\" alt=\"PICT0019\" width=\"300\" height=\"325\" srcset=\"http:\/\/rockberg-verein.de\/_wp\/wp-content\/uploads\/PICT0019-e1404554719161-276x300.jpg 276w, http:\/\/rockberg-verein.de\/_wp\/wp-content\/uploads\/PICT0019-e1404554719161.jpg 600w\" sizes=\"(max-width: 300px) 100vw, 300px\" \/><br \/>\n<img loading=\"lazy\" class=\"alignleft size-medium wp-image-1427\" src=\"http:\/\/rockberg-verein.de\/_wp\/wp-content\/uploads\/rockberg_ambient_buehne_feuershow_zuschauer-300x200.jpg\" alt=\"rockberg_ambient_buehne_feuershow_zuschauer\" width=\"300\" height=\"200\" srcset=\"http:\/\/rockberg-verein.de\/_wp\/wp-content\/uploads\/rockberg_ambient_buehne_feuershow_zuschauer-300x200.jpg 300w, http:\/\/rockberg-verein.de\/_wp\/wp-content\/uploads\/rockberg_ambient_buehne_feuershow_zuschauer.jpg 960w\" sizes=\"(max-width: 300px) 100vw, 300px\" \/><\/td>\n<\/tr>\n<\/tbody>\n<\/table>\n<p>&nbsp;<\/p>\n<p style=\"padding-left: 30px;\">\n","protected":false},"excerpt":{"rendered":"<p>Liebe Freunde handgemachter und herzerdachter Musik! Liebe Musikerkollegen! Liebe Rock`n`Roll \u2013 Liebhaber! Liebe\/r &#8230;&#8230;&#8230;&#8230;&#8230;&#8230; (hier bitte Name oder sonstigen Titel hineindenken)! &nbsp; Hier findet Ihr Infos rund um unseren Verein zur F\u00f6rderung der Musik, der Rockkultur und der regionalen Kulturlandschaft. Wir haben diesen Verein am 28.4.2006 im beschaulichen Bruckberg gegr\u00fcndet, um regionale Bands und Musiker [&hellip;]<\/p>\n","protected":false},"author":1,"featured_media":0,"parent":0,"menu_order":0,"comment_status":"closed","ping_status":"closed","template":"","meta":{"ngg_post_thumbnail":0},"_links":{"self":[{"href":"http:\/\/rockberg-verein.de\/_wp\/wp-json\/wp\/v2\/pages\/45"}],"collection":[{"href":"http:\/\/rockberg-verein.de\/_wp\/wp-json\/wp\/v2\/pages"}],"about":[{"href":"http:\/\/rockberg-verein.de\/_wp\/wp-json\/wp\/v2\/types\/page"}],"author":[{"embeddable":true,"href":"http:\/\/rockberg-verein.de\/_wp\/wp-json\/wp\/v2\/users\/1"}],"replies":[{"embeddable":true,"href":"http:\/\/rockberg-verein.de\/_wp\/wp-json\/wp\/v2\/comments?post=45"}],"version-history":[{"count":15,"href":"http:\/\/rockberg-verein.de\/_wp\/wp-json\/wp\/v2\/pages\/45\/revisions"}],"predecessor-version":[{"id":1439,"href":"http:\/\/rockberg-verein.de\/_wp\/wp-json\/wp\/v2\/pages\/45\/revisions\/1439"}],"wp:attachment":[{"href":"http:\/\/rockberg-verein.de\/_wp\/wp-json\/wp\/v2\/media?parent=45"}],"curies":[{"name":"wp","href":"https:\/\/api.w.org\/{rel}","templated":true}]}}