{"id":181,"date":"2012-01-12T20:09:58","date_gmt":"2012-01-12T19:09:58","guid":{"rendered":"http:\/\/rockberg-verein.de\/_wp\/?page_id=181"},"modified":"2013-12-05T13:06:11","modified_gmt":"2013-12-05T12:06:11","slug":"jump-like-a-rabbit","status":"publish","type":"page","link":"http:\/\/rockberg-verein.de\/_wp\/jump-like-a-rabbit","title":{"rendered":"Jump like a rabbit"},"content":{"rendered":"<table style=\"width: 100%;\" border=\"0\" cellspacing=\"5\" cellpadding=\"5\">\n<tbody>\n<tr align=\"left\" valign=\"top\">\n<td><img loading=\"lazy\" class=\"alignleft size-medium wp-image-1127\" alt=\"1401328_547167162035502_610154160_o\" src=\"http:\/\/rockberg-verein.de\/_wp\/wp-content\/uploads\/1401328_547167162035502_610154160_o-212x300.jpg\" width=\"212\" height=\"300\" srcset=\"http:\/\/rockberg-verein.de\/_wp\/wp-content\/uploads\/1401328_547167162035502_610154160_o-212x300.jpg 212w, http:\/\/rockberg-verein.de\/_wp\/wp-content\/uploads\/1401328_547167162035502_610154160_o-726x1024.jpg 726w, http:\/\/rockberg-verein.de\/_wp\/wp-content\/uploads\/1401328_547167162035502_610154160_o.jpg 1240w\" sizes=\"(max-width: 212px) 100vw, 212px\" \/><\/td>\n<td>\n<h1>Jump like a Rabbit<\/h1>\n<p><span style=\"color: #ff0000;\"><strong>\u00a0<\/strong><\/span><\/p>\n<p><strong>Wann? 07.12.2013!<\/strong><\/p>\n<p><strong>Wo? Speckdrumm Ansbach<\/strong><\/p>\n<p><strong>Womit? Viel Bass, Drum und geiler Deko!<\/strong><\/p>\n<p>Dubstep, Drum&#8217;n&#8217;Bass und Breaks und mehr von und mit<\/p>\n<p>DJ S.M.A.R.T., SMUUTH, SCRIPT und DYNAMO KOSMOS, Modjo<\/p>\n<p>und Sebee und der Mob.<\/p>\n<p>&nbsp;<\/p>\n<p><em>Jump in and find out!<br \/>\n<\/em><\/td>\n<\/tr>\n<tr align=\"left\" valign=\"top\">\n<td colspan=\"2\">\n<table border=\"0\" cellspacing=\"5\" cellpadding=\"5\">\n<tbody>\n<tr align=\"left\" valign=\"top\">\n<td><a href=\"http:\/\/rockberg-verein.de\/_wp\/jump-like-a-rabbit\/attachment\/si-back_final_07-10klein\" rel=\"attachment wp-att-802\"><img loading=\"lazy\" class=\"alignnone size-medium wp-image-802\" title=\"SI-back_final_07.10klein\" alt=\"\" src=\"http:\/\/rockberg-verein.de\/_wp\/wp-content\/uploads\/SI-back_final_07.10klein-214x300.jpg\" width=\"214\" height=\"300\" srcset=\"http:\/\/rockberg-verein.de\/_wp\/wp-content\/uploads\/SI-back_final_07.10klein-214x300.jpg 214w, http:\/\/rockberg-verein.de\/_wp\/wp-content\/uploads\/SI-back_final_07.10klein-730x1024.jpg 730w, http:\/\/rockberg-verein.de\/_wp\/wp-content\/uploads\/SI-back_final_07.10klein.jpg 843w\" sizes=\"(max-width: 214px) 100vw, 214px\" \/><\/a><\/td>\n<td>\n<h1>Jump like a Rabbit<\/h1>\n<p><span style=\"color: #ff0000;\"><strong>Bilder jetzt on! Siehe unten<\/strong><\/span><\/p>\n<p><strong>Wann? 15.12.2012!<\/strong><\/p>\n<p><strong>Wo? Speckdrumm Ansbach<\/strong><\/p>\n<p><strong>Womit? Viel Bass, Spass und und ner Sahnespitz!<\/strong><\/p>\n<p>Dubstep, Drum&#8217;n&#8217;Bass und Breaks von<\/p>\n<p>DJ S.M.A.R.T., SMUUTH, SCRIPT und DYNAMO KOSMOS brechen das Eis.<\/p>\n<p>&nbsp;<\/p>\n<p><em>Ist es zu kalt, tanzt Du zu wenig.<\/em><\/td>\n<\/tr>\n<\/tbody>\n<\/table>\n<p><!-- index.php -->\n<div\n\tclass=\"ngg-galleryoverview ngg-ajax-pagination-none\"\n\tid=\"ngg-gallery-f3ef2cfaa034db7ce25bb0853f33d358-1\">\n\n    \t<div class=\"slideshowlink\">\n        <a href='http:\/\/rockberg-verein.de\/_wp\/jump-like-a-rabbit\/nggallery\/slideshow'>[Als Diashow anzeigen]<\/a>\n\t\t\n\t<\/div>\n\t\t\t<!-- Thumbnails -->\n\t\t\t\t<div id=\"ngg-image-0\" class=\"ngg-gallery-thumbnail-box\" >\n\t\t\t\t        <div class=\"ngg-gallery-thumbnail\">\n            <a href=\"http:\/\/rockberg-verein.de\/_wp\/wp-content\/gallery\/jump-like-a-rabbit-5-20121215\/jlar-si-back_final_07-10.jpg\"\n               title=\"JUMP!\"\n               data-src=\"http:\/\/rockberg-verein.de\/_wp\/wp-content\/gallery\/jump-like-a-rabbit-5-20121215\/jlar-si-back_final_07-10.jpg\"\n               data-thumbnail=\"http:\/\/rockberg-verein.de\/_wp\/wp-content\/gallery\/jump-like-a-rabbit-5-20121215\/thumbs\/thumbs_jlar-si-back_final_07-10.jpg\"\n               data-image-id=\"1497\"\n               data-title=\"jlar-si-back_final_07-10\"\n               data-description=\"JUMP!\"\n               data-image-slug=\"image-7\"\n               class=\"shutterset_f3ef2cfaa034db7ce25bb0853f33d358\">\n                <img\n                    title=\"jlar-si-back_final_07-10\"\n                    alt=\"jlar-si-back_final_07-10\"\n                    src=\"http:\/\/rockberg-verein.de\/_wp\/wp-content\/gallery\/jump-like-a-rabbit-5-20121215\/thumbs\/thumbs_jlar-si-back_final_07-10.jpg\"\n                    width=\"70\"\n                    height=\"100\"\n                    style=\"max-width:100%;\"\n                \/>\n            <\/a>\n        <\/div>\n\t\t\t\t\t\t\t<\/div> \n\t\t\t\n        \n\t\t\t\t<div id=\"ngg-image-1\" class=\"ngg-gallery-thumbnail-box\" >\n\t\t\t\t        <div class=\"ngg-gallery-thumbnail\">\n            <a href=\"http:\/\/rockberg-verein.de\/_wp\/wp-content\/gallery\/jump-like-a-rabbit-5-20121215\/rbv_jlar_201212_spaceinvaders.jpg\"\n               title=\"Unsere Aliens lieben Bass\"\n               data-src=\"http:\/\/rockberg-verein.de\/_wp\/wp-content\/gallery\/jump-like-a-rabbit-5-20121215\/rbv_jlar_201212_spaceinvaders.jpg\"\n               data-thumbnail=\"http:\/\/rockberg-verein.de\/_wp\/wp-content\/gallery\/jump-like-a-rabbit-5-20121215\/thumbs\/thumbs_rbv_jlar_201212_spaceinvaders.jpg\"\n               data-image-id=\"1496\"\n               data-title=\"rbv_jlar_201212_spaceinvaders\"\n               data-description=\"Unsere Aliens lieben Bass\"\n               data-image-slug=\"image\"\n               class=\"shutterset_f3ef2cfaa034db7ce25bb0853f33d358\">\n                <img\n                    title=\"rbv_jlar_201212_spaceinvaders\"\n                    alt=\"rbv_jlar_201212_spaceinvaders\"\n                    src=\"http:\/\/rockberg-verein.de\/_wp\/wp-content\/gallery\/jump-like-a-rabbit-5-20121215\/thumbs\/thumbs_rbv_jlar_201212_spaceinvaders.jpg\"\n                    width=\"100\"\n                    height=\"66\"\n                    style=\"max-width:100%;\"\n                \/>\n            <\/a>\n        <\/div>\n\t\t\t\t\t\t\t<\/div> \n\t\t\t\n        \n\t\t\t\t<div id=\"ngg-image-2\" class=\"ngg-gallery-thumbnail-box\" >\n\t\t\t\t        <div class=\"ngg-gallery-thumbnail\">\n            <a href=\"http:\/\/rockberg-verein.de\/_wp\/wp-content\/gallery\/jump-like-a-rabbit-5-20121215\/rbv_jlar_201212_djs.jpg\"\n               title=\"Masters of the Space Invaders Universe - manchmal auch DJs genannt :P\"\n               data-src=\"http:\/\/rockberg-verein.de\/_wp\/wp-content\/gallery\/jump-like-a-rabbit-5-20121215\/rbv_jlar_201212_djs.jpg\"\n               data-thumbnail=\"http:\/\/rockberg-verein.de\/_wp\/wp-content\/gallery\/jump-like-a-rabbit-5-20121215\/thumbs\/thumbs_rbv_jlar_201212_djs.jpg\"\n               data-image-id=\"1492\"\n               data-title=\"rbv_jlar_201212_djs\"\n               data-description=\"Masters of the Space Invaders Universe - manchmal auch DJs genannt :P\"\n               data-image-slug=\"image-2\"\n               class=\"shutterset_f3ef2cfaa034db7ce25bb0853f33d358\">\n                <img\n                    title=\"rbv_jlar_201212_djs\"\n                    alt=\"rbv_jlar_201212_djs\"\n                    src=\"http:\/\/rockberg-verein.de\/_wp\/wp-content\/gallery\/jump-like-a-rabbit-5-20121215\/thumbs\/thumbs_rbv_jlar_201212_djs.jpg\"\n                    width=\"100\"\n                    height=\"66\"\n                    style=\"max-width:100%;\"\n                \/>\n            <\/a>\n        <\/div>\n\t\t\t\t\t\t\t<\/div> \n\t\t\t\n        \n\t\t\t\t<div id=\"ngg-image-3\" class=\"ngg-gallery-thumbnail-box\" >\n\t\t\t\t        <div class=\"ngg-gallery-thumbnail\">\n            <a href=\"http:\/\/rockberg-verein.de\/_wp\/wp-content\/gallery\/jump-like-a-rabbit-5-20121215\/rbv_jlar_201212_deko.jpg\"\n               title=\"Spacige Deko\"\n               data-src=\"http:\/\/rockberg-verein.de\/_wp\/wp-content\/gallery\/jump-like-a-rabbit-5-20121215\/rbv_jlar_201212_deko.jpg\"\n               data-thumbnail=\"http:\/\/rockberg-verein.de\/_wp\/wp-content\/gallery\/jump-like-a-rabbit-5-20121215\/thumbs\/thumbs_rbv_jlar_201212_deko.jpg\"\n               data-image-id=\"1491\"\n               data-title=\"rbv_jlar_201212_deko\"\n               data-description=\"Spacige Deko\"\n               data-image-slug=\"image-3\"\n               class=\"shutterset_f3ef2cfaa034db7ce25bb0853f33d358\">\n                <img\n                    title=\"rbv_jlar_201212_deko\"\n                    alt=\"rbv_jlar_201212_deko\"\n                    src=\"http:\/\/rockberg-verein.de\/_wp\/wp-content\/gallery\/jump-like-a-rabbit-5-20121215\/thumbs\/thumbs_rbv_jlar_201212_deko.jpg\"\n                    width=\"100\"\n                    height=\"66\"\n                    style=\"max-width:100%;\"\n                \/>\n            <\/a>\n        <\/div>\n\t\t\t\t\t\t\t<\/div> \n\t\t\t\n        \n\t\t\t\t<div id=\"ngg-image-4\" class=\"ngg-gallery-thumbnail-box\" >\n\t\t\t\t        <div class=\"ngg-gallery-thumbnail\">\n            <a href=\"http:\/\/rockberg-verein.de\/_wp\/wp-content\/gallery\/jump-like-a-rabbit-5-20121215\/rbv_jlar_201212_party.jpg\"\n               title=\"Die Party geht ab\"\n               data-src=\"http:\/\/rockberg-verein.de\/_wp\/wp-content\/gallery\/jump-like-a-rabbit-5-20121215\/rbv_jlar_201212_party.jpg\"\n               data-thumbnail=\"http:\/\/rockberg-verein.de\/_wp\/wp-content\/gallery\/jump-like-a-rabbit-5-20121215\/thumbs\/thumbs_rbv_jlar_201212_party.jpg\"\n               data-image-id=\"1495\"\n               data-title=\"rbv_jlar_201212_party\"\n               data-description=\"Die Party geht ab\"\n               data-image-slug=\"image-4\"\n               class=\"shutterset_f3ef2cfaa034db7ce25bb0853f33d358\">\n                <img\n                    title=\"rbv_jlar_201212_party\"\n                    alt=\"rbv_jlar_201212_party\"\n                    src=\"http:\/\/rockberg-verein.de\/_wp\/wp-content\/gallery\/jump-like-a-rabbit-5-20121215\/thumbs\/thumbs_rbv_jlar_201212_party.jpg\"\n                    width=\"100\"\n                    height=\"75\"\n                    style=\"max-width:100%;\"\n                \/>\n            <\/a>\n        <\/div>\n\t\t\t\t\t\t\t<\/div> \n\t\t\t\n        \n\t\t\t\t<div id=\"ngg-image-5\" class=\"ngg-gallery-thumbnail-box\" >\n\t\t\t\t        <div class=\"ngg-gallery-thumbnail\">\n            <a href=\"http:\/\/rockberg-verein.de\/_wp\/wp-content\/gallery\/jump-like-a-rabbit-5-20121215\/rbv_jlar_201212_mixit.jpg\"\n               title=\"Mix it!\"\n               data-src=\"http:\/\/rockberg-verein.de\/_wp\/wp-content\/gallery\/jump-like-a-rabbit-5-20121215\/rbv_jlar_201212_mixit.jpg\"\n               data-thumbnail=\"http:\/\/rockberg-verein.de\/_wp\/wp-content\/gallery\/jump-like-a-rabbit-5-20121215\/thumbs\/thumbs_rbv_jlar_201212_mixit.jpg\"\n               data-image-id=\"1494\"\n               data-title=\"rbv_jlar_201212_mixit\"\n               data-description=\"Mix it!\"\n               data-image-slug=\"image-5\"\n               class=\"shutterset_f3ef2cfaa034db7ce25bb0853f33d358\">\n                <img\n                    title=\"rbv_jlar_201212_mixit\"\n                    alt=\"rbv_jlar_201212_mixit\"\n                    src=\"http:\/\/rockberg-verein.de\/_wp\/wp-content\/gallery\/jump-like-a-rabbit-5-20121215\/thumbs\/thumbs_rbv_jlar_201212_mixit.jpg\"\n                    width=\"66\"\n                    height=\"100\"\n                    style=\"max-width:100%;\"\n                \/>\n            <\/a>\n        <\/div>\n\t\t\t\t\t\t\t<\/div> \n\t\t\t\n        \n\t\t\t\t<div id=\"ngg-image-6\" class=\"ngg-gallery-thumbnail-box\" >\n\t\t\t\t        <div class=\"ngg-gallery-thumbnail\">\n            <a href=\"http:\/\/rockberg-verein.de\/_wp\/wp-content\/gallery\/jump-like-a-rabbit-5-20121215\/rbv_jlar_201212_kicker.jpg\"\n               title=\"Profifussballer am Werk\"\n               data-src=\"http:\/\/rockberg-verein.de\/_wp\/wp-content\/gallery\/jump-like-a-rabbit-5-20121215\/rbv_jlar_201212_kicker.jpg\"\n               data-thumbnail=\"http:\/\/rockberg-verein.de\/_wp\/wp-content\/gallery\/jump-like-a-rabbit-5-20121215\/thumbs\/thumbs_rbv_jlar_201212_kicker.jpg\"\n               data-image-id=\"1493\"\n               data-title=\"rbv_jlar_201212_kicker\"\n               data-description=\"Profifussballer am Werk\"\n               data-image-slug=\"image-6\"\n               class=\"shutterset_f3ef2cfaa034db7ce25bb0853f33d358\">\n                <img\n                    title=\"rbv_jlar_201212_kicker\"\n                    alt=\"rbv_jlar_201212_kicker\"\n                    src=\"http:\/\/rockberg-verein.de\/_wp\/wp-content\/gallery\/jump-like-a-rabbit-5-20121215\/thumbs\/thumbs_rbv_jlar_201212_kicker.jpg\"\n                    width=\"100\"\n                    height=\"67\"\n                    style=\"max-width:100%;\"\n                \/>\n            <\/a>\n        <\/div>\n\t\t\t\t\t\t\t<\/div> \n\t\t\t\n        \n\t\t\n\t\t<!-- Pagination -->\n\t<div class='ngg-clear'><\/div>\t<\/div>\n<\/td>\n<\/tr>\n<tr>\n<td colspan=\"2\"><strong><a href=\"http:\/\/rockberg-verein.de\/_wp\/?attachment_id=355\"><img loading=\"lazy\" class=\"size-thumbnail wp-image-355 alignnone\" style=\"margin-right: 20px; margin-left: 20px;\" title=\"DNBcrew_smu\" alt=\"\" src=\"http:\/\/rockberg-verein.de\/_wp\/wp-content\/uploads\/DNBcrew_smu-150x150.jpg\" width=\"150\" height=\"150\" srcset=\"http:\/\/rockberg-verein.de\/_wp\/wp-content\/uploads\/DNBcrew_smu-150x150.jpg 150w, http:\/\/rockberg-verein.de\/_wp\/wp-content\/uploads\/DNBcrew_smu-64x64.jpg 64w, http:\/\/rockberg-verein.de\/_wp\/wp-content\/uploads\/DNBcrew_smu-128x128.jpg 128w, http:\/\/rockberg-verein.de\/_wp\/wp-content\/uploads\/DNBcrew_smu-320x320.jpg 320w\" sizes=\"(max-width: 150px) 100vw, 150px\" \/><\/a><a href=\"http:\/\/rockberg-verein.de\/_wp\/?attachment_id=353\"><img loading=\"lazy\" title=\"DNBcrew_frank\" alt=\"\" src=\"http:\/\/rockberg-verein.de\/_wp\/wp-content\/uploads\/DNBcrew_frank-150x150.jpg\" width=\"150\" height=\"150\" \/><\/a><a href=\"http:\/\/rockberg-verein.de\/_wp\/?attachment_id=354\"><img loading=\"lazy\" class=\"alignleft  wp-image-354\" title=\"DNBcrew_michi\" alt=\"\" src=\"http:\/\/rockberg-verein.de\/_wp\/wp-content\/uploads\/DNBcrew_michi-150x150.jpg\" width=\"150\" height=\"150\" srcset=\"http:\/\/rockberg-verein.de\/_wp\/wp-content\/uploads\/DNBcrew_michi-150x150.jpg 150w, http:\/\/rockberg-verein.de\/_wp\/wp-content\/uploads\/DNBcrew_michi-64x64.jpg 64w, http:\/\/rockberg-verein.de\/_wp\/wp-content\/uploads\/DNBcrew_michi-128x128.jpg 128w, http:\/\/rockberg-verein.de\/_wp\/wp-content\/uploads\/DNBcrew_michi-320x320.jpg 320w\" sizes=\"(max-width: 150px) 100vw, 150px\" \/><\/a><\/strong><\/p>\n<h3>\u00a0Endlich wieder:The very best of electronic music<\/h3>\n<p>15.12.12 im Speckdrumm Ansbach mit &#8222;We love your ears&#8220; und der Rockberg Bass Crew<\/p>\n<p>Drum&amp;Bass, Dubstep, Electro<\/p>\n<p>F\u00fcr alle Freunde der gepflegten elektronischen basslastigen Tanzunterhaltung und nat\u00fcrlich die, die es werden wollen!<\/p>\n<p>Wir bringen Euch\u00a0 zum H\u00fcpfen bei &#8222;JUMP LIKE A RABBIT&#8220;!!<\/p>\n<p>Von Lounge bis Heavy, von Funky bis Ragga, von Jungle bis HipHop.<\/p>\n<p><span style=\"text-decoration: underline;\"><strong>Script, Smart und Smuuth<\/strong><\/span> &#8211; ihres Zeichens die <strong>Rockberg-Bass-Crew\u00a0<\/strong>legen immer die feinsten Platten auf den Teller.<\/p>\n<p>Sie \u00fcberzeugen seit 2007\u00a0beim Rockberg im Aftershow-Zelt und begeisterten<\/p>\n<p>beim Jump like a Rabbit im Speckdrumm Ansbach, in Immeldorf, im Z-Bau N\u00fcrnberg, in Selb, W\u00fcrzburg usw!<\/p>\n<p>Wer die Rockberg-Bass-Crew kennt wei\u00df, dass sie auch immer f\u00fcr \u00dcberaschungen in Sachen Breaks und Electonic gut ist.<\/p>\n<p>Liebhaber behaupten: Alles au\u00dfer eint\u00f6nig!<\/p>\n<p>Dazu gibts meist einen Special Guest:<strong> Pili<\/strong> (human electronic music), <strong>Project Ironman<\/strong> (Minimal, d&amp;B), &#8230;<\/p>\n<p>Immer \u00f6fter auch untermalt mit einer Videopr\u00e4sentation von VJ GlatzoPatzo.<\/td>\n<\/tr>\n<tr>\n<td colspan=\"2\"><a href=\"http:\/\/rockberg-verein.de\/_wp\/?attachment_id=374\"><img loading=\"lazy\" class=\"alignleft  wp-image-374\" title=\"JLARflyer_20111126\" alt=\"\" src=\"http:\/\/rockberg-verein.de\/_wp\/wp-content\/uploads\/JLARflyer_201111261-150x150.jpg\" width=\"150\" height=\"150\" srcset=\"http:\/\/rockberg-verein.de\/_wp\/wp-content\/uploads\/JLARflyer_201111261-150x150.jpg 150w, http:\/\/rockberg-verein.de\/_wp\/wp-content\/uploads\/JLARflyer_201111261-64x64.jpg 64w, http:\/\/rockberg-verein.de\/_wp\/wp-content\/uploads\/JLARflyer_201111261-128x128.jpg 128w\" sizes=\"(max-width: 150px) 100vw, 150px\" \/><\/a><a href=\"http:\/\/rockberg-verein.de\/_wp\/?attachment_id=373\"><img loading=\"lazy\" class=\"alignleft size-thumbnail wp-image-373\" title=\"JLARflyer_20110514\" alt=\"\" src=\"http:\/\/rockberg-verein.de\/_wp\/wp-content\/uploads\/JLARflyer_20110514-150x150.jpg\" width=\"150\" height=\"150\" srcset=\"http:\/\/rockberg-verein.de\/_wp\/wp-content\/uploads\/JLARflyer_20110514-150x150.jpg 150w, http:\/\/rockberg-verein.de\/_wp\/wp-content\/uploads\/JLARflyer_20110514-64x64.jpg 64w, http:\/\/rockberg-verein.de\/_wp\/wp-content\/uploads\/JLARflyer_20110514-128x128.jpg 128w\" sizes=\"(max-width: 150px) 100vw, 150px\" \/><\/a><a href=\"http:\/\/rockberg-verein.de\/_wp\/?attachment_id=372\"><img loading=\"lazy\" class=\"alignleft size-thumbnail wp-image-372\" title=\"JLARflyer_20101204\" alt=\"\" src=\"http:\/\/rockberg-verein.de\/_wp\/wp-content\/uploads\/JLARflyer_20101204-150x150.jpg\" width=\"150\" height=\"150\" srcset=\"http:\/\/rockberg-verein.de\/_wp\/wp-content\/uploads\/JLARflyer_20101204-150x150.jpg 150w, http:\/\/rockberg-verein.de\/_wp\/wp-content\/uploads\/JLARflyer_20101204-64x64.jpg 64w, http:\/\/rockberg-verein.de\/_wp\/wp-content\/uploads\/JLARflyer_20101204-128x128.jpg 128w, http:\/\/rockberg-verein.de\/_wp\/wp-content\/uploads\/JLARflyer_20101204-320x320.jpg 320w\" sizes=\"(max-width: 150px) 100vw, 150px\" \/><\/a><a href=\"http:\/\/rockberg-verein.de\/_wp\/?attachment_id=371\"><img loading=\"lazy\" class=\"alignleft size-thumbnail wp-image-371\" title=\"JLARflyer_20091212\" alt=\"\" src=\"http:\/\/rockberg-verein.de\/_wp\/wp-content\/uploads\/JLARflyer_200912121-150x150.jpg\" width=\"150\" height=\"150\" srcset=\"http:\/\/rockberg-verein.de\/_wp\/wp-content\/uploads\/JLARflyer_200912121-150x150.jpg 150w, http:\/\/rockberg-verein.de\/_wp\/wp-content\/uploads\/JLARflyer_200912121-64x64.jpg 64w, http:\/\/rockberg-verein.de\/_wp\/wp-content\/uploads\/JLARflyer_200912121-128x128.jpg 128w, http:\/\/rockberg-verein.de\/_wp\/wp-content\/uploads\/JLARflyer_200912121-320x320.jpg 320w\" sizes=\"(max-width: 150px) 100vw, 150px\" \/><\/a><a href=\"http:\/\/rockberg-verein.de\/_wp\/?attachment_id=370\"><img loading=\"lazy\" class=\"alignleft size-thumbnail wp-image-370\" title=\"JLARflyer_20080620\" alt=\"\" src=\"http:\/\/rockberg-verein.de\/_wp\/wp-content\/uploads\/JLARflyer_20080620-150x150.jpg\" width=\"150\" height=\"150\" srcset=\"http:\/\/rockberg-verein.de\/_wp\/wp-content\/uploads\/JLARflyer_20080620-150x150.jpg 150w, http:\/\/rockberg-verein.de\/_wp\/wp-content\/uploads\/JLARflyer_20080620-64x64.jpg 64w, http:\/\/rockberg-verein.de\/_wp\/wp-content\/uploads\/JLARflyer_20080620-128x128.jpg 128w, http:\/\/rockberg-verein.de\/_wp\/wp-content\/uploads\/JLARflyer_20080620-320x320.jpg 320w\" sizes=\"(max-width: 150px) 100vw, 150px\" \/><\/a><a href=\"http:\/\/rockberg-verein.de\/_wp\/?attachment_id=369\"><img loading=\"lazy\" class=\"alignleft size-thumbnail wp-image-369\" title=\"JLARflyer_20080204\" alt=\"\" src=\"http:\/\/rockberg-verein.de\/_wp\/wp-content\/uploads\/JLARflyer_200802041-150x150.jpg\" width=\"150\" height=\"150\" srcset=\"http:\/\/rockberg-verein.de\/_wp\/wp-content\/uploads\/JLARflyer_200802041-150x150.jpg 150w, http:\/\/rockberg-verein.de\/_wp\/wp-content\/uploads\/JLARflyer_200802041-64x64.jpg 64w, http:\/\/rockberg-verein.de\/_wp\/wp-content\/uploads\/JLARflyer_200802041-128x128.jpg 128w, http:\/\/rockberg-verein.de\/_wp\/wp-content\/uploads\/JLARflyer_200802041-320x320.jpg 320w\" sizes=\"(max-width: 150px) 100vw, 150px\" \/><\/a><a href=\"http:\/\/rockberg-verein.de\/_wp\/?attachment_id=368\"><img loading=\"lazy\" class=\"alignleft size-thumbnail wp-image-368\" title=\"JLARflyer_20071110\" alt=\"\" src=\"http:\/\/rockberg-verein.de\/_wp\/wp-content\/uploads\/JLARflyer_20071110-150x150.jpg\" width=\"150\" height=\"150\" srcset=\"http:\/\/rockberg-verein.de\/_wp\/wp-content\/uploads\/JLARflyer_20071110-150x150.jpg 150w, http:\/\/rockberg-verein.de\/_wp\/wp-content\/uploads\/JLARflyer_20071110-64x64.jpg 64w, http:\/\/rockberg-verein.de\/_wp\/wp-content\/uploads\/JLARflyer_20071110-128x128.jpg 128w, http:\/\/rockberg-verein.de\/_wp\/wp-content\/uploads\/JLARflyer_20071110-320x320.jpg 320w\" sizes=\"(max-width: 150px) 100vw, 150px\" \/><\/a><a href=\"http:\/\/rockberg-verein.de\/_wp\/jump-like-a-rabbit\/jlarflyer_2011xxxx\" rel=\"attachment wp-att-364\"><img loading=\"lazy\" class=\"alignleft size-thumbnail wp-image-364\" title=\"JLARflyer_2011xxxx\" alt=\"\" src=\"http:\/\/rockberg-verein.de\/_wp\/wp-content\/uploads\/JLARflyer_2011xxxx-150x150.jpg\" width=\"150\" height=\"150\" srcset=\"http:\/\/rockberg-verein.de\/_wp\/wp-content\/uploads\/JLARflyer_2011xxxx-150x150.jpg 150w, http:\/\/rockberg-verein.de\/_wp\/wp-content\/uploads\/JLARflyer_2011xxxx-64x64.jpg 64w, http:\/\/rockberg-verein.de\/_wp\/wp-content\/uploads\/JLARflyer_2011xxxx-128x128.jpg 128w, http:\/\/rockberg-verein.de\/_wp\/wp-content\/uploads\/JLARflyer_2011xxxx-320x320.jpg 320w\" sizes=\"(max-width: 150px) 100vw, 150px\" \/><\/a><\/td>\n<\/tr>\n<\/tbody>\n<\/table>\n","protected":false},"excerpt":{"rendered":"<p>Jump like a Rabbit \u00a0 Wann? 07.12.2013! Wo? Speckdrumm Ansbach Womit? Viel Bass, Drum und geiler Deko! Dubstep, Drum&#8217;n&#8217;Bass und Breaks und mehr von und mit DJ S.M.A.R.T., SMUUTH, SCRIPT und DYNAMO KOSMOS, Modjo und Sebee und der Mob. &nbsp; Jump in and find out! Jump like a Rabbit Bilder jetzt on! Siehe unten Wann? [&hellip;]<\/p>\n","protected":false},"author":2,"featured_media":0,"parent":0,"menu_order":0,"comment_status":"closed","ping_status":"closed","template":"","meta":{"ngg_post_thumbnail":0},"_links":{"self":[{"href":"http:\/\/rockberg-verein.de\/_wp\/wp-json\/wp\/v2\/pages\/181"}],"collection":[{"href":"http:\/\/rockberg-verein.de\/_wp\/wp-json\/wp\/v2\/pages"}],"about":[{"href":"http:\/\/rockberg-verein.de\/_wp\/wp-json\/wp\/v2\/types\/page"}],"author":[{"embeddable":true,"href":"http:\/\/rockberg-verein.de\/_wp\/wp-json\/wp\/v2\/users\/2"}],"replies":[{"embeddable":true,"href":"http:\/\/rockberg-verein.de\/_wp\/wp-json\/wp\/v2\/comments?post=181"}],"version-history":[{"count":42,"href":"http:\/\/rockberg-verein.de\/_wp\/wp-json\/wp\/v2\/pages\/181\/revisions"}],"predecessor-version":[{"id":1159,"href":"http:\/\/rockberg-verein.de\/_wp\/wp-json\/wp\/v2\/pages\/181\/revisions\/1159"}],"wp:attachment":[{"href":"http:\/\/rockberg-verein.de\/_wp\/wp-json\/wp\/v2\/media?parent=181"}],"curies":[{"name":"wp","href":"https:\/\/api.w.org\/{rel}","templated":true}]}}