{"id":1525,"date":"2014-11-16T16:51:41","date_gmt":"2014-11-16T15:51:41","guid":{"rendered":"http:\/\/rockberg-verein.de\/_wp\/?page_id=1525"},"modified":"2014-12-11T22:02:43","modified_gmt":"2014-12-11T21:02:43","slug":"rockberg-akustik-nacht-2015","status":"publish","type":"page","link":"http:\/\/rockberg-verein.de\/_wp\/rockberg-akustik-nacht\/rockberg-akustik-nacht-2015","title":{"rendered":"Rockberg Akkustik Nacht 2015"},"content":{"rendered":"<table style=\"width: 100%;\" border=\"0\" cellspacing=\"2\" cellpadding=\"5\">\n<tbody>\n<tr align=\"center\" valign=\"top\">\n<td align=\"center\" valign=\"top\"><img class=\"alignnone wp-image-1534 size-large\" src=\"http:\/\/rockberg-verein.de\/_wp\/wp-content\/uploads\/ran2015_front_final-klein-730x1024.jpg\" alt=\"ran2015_front_final klein\" width=\"300\" srcset=\"http:\/\/rockberg-verein.de\/_wp\/wp-content\/uploads\/ran2015_front_final-klein-730x1024.jpg 730w, http:\/\/rockberg-verein.de\/_wp\/wp-content\/uploads\/ran2015_front_final-klein-214x300.jpg 214w, http:\/\/rockberg-verein.de\/_wp\/wp-content\/uploads\/ran2015_front_final-klein.jpg 759w\" sizes=\"(max-width: 730px) 100vw, 730px\" \/><img class=\"alignnone  wp-image-1573\" src=\"http:\/\/rockberg-verein.de\/_wp\/wp-content\/uploads\/ran5flyerback.jpg\" alt=\"ran5flyerback\" width=\"300\" srcset=\"http:\/\/rockberg-verein.de\/_wp\/wp-content\/uploads\/ran5flyerback.jpg 684w, http:\/\/rockberg-verein.de\/_wp\/wp-content\/uploads\/ran5flyerback-213x300.jpg 213w\" sizes=\"(max-width: 684px) 100vw, 684px\" \/><\/td>\n<td align=\"left\" valign=\"top\"><\/td>\n<\/tr>\n<tr align=\"center\" valign=\"top\">\n<td colspan=\"2\" align=\"center\" valign=\"top\">\n<h1>Rockberg Akustik Nacht 2015<\/h1>\n<h2>5. Januar 2015 Speckdrumm Ansbach 19.30 Uhr<\/h2>\n<p>Zum 5. Mal kommt am 5. Januar 2015 die Rockberg Akustik Nacht in den Kulturverein Speckdrumm\/ Ansbach.<br \/>\nWie bereits in den Vorjahren moderiert Wortakrobat <a href=\"https:\/\/www.facebook.com\/JakobMichl\" data-hovercard=\"\/ajax\/hovercard\/page.php?id=181019081921768\">Michael Jakob<\/a> einen Abend mit toller akustischer Musik<br \/>\nohne Verzerrer und Filter von Folk bis Liedermacher, von Reggae bis Singer\/Songwriter.<br \/>\nStimmungen und Stimmen, Instrumente und Emotionen und das Alles intensiv, hautnah und direkt.<\/p>\n<p>&nbsp;<\/p>\n<p>Beginn ist um 20 Uhr in der Naglerstrasse 9.<\/p>\n<p>Eintritt 9, erm\u00e4\u00dfigt 6 Euronen<\/p>\n<p><a href=\"https:\/\/www.facebook.com\/events\/1535171530054350\/\" target=\"_blank\"><img loading=\"lazy\" class=\"aligncenter\" src=\"http:\/\/rockberg-verein.de\/_wp\/wp-content\/uploads\/facebook_button-150x150.png\" alt=\"Facebook\" width=\"40\" height=\"40\" \/><\/a>Akustik Nacht 2015<br \/>\nVeranstaltung @ Facebook<\/td>\n<\/tr>\n<\/tbody>\n<\/table>\n<table style=\"width: 100%;\" border=\"0\" cellspacing=\"2\" cellpadding=\"5\">\n<tbody>\n<tr align=\"left\" valign=\"top\">\n<td style=\"text-align: center;\" colspan=\"2\" align=\"left\" valign=\"top\">\n<h1><strong> Unsere G\u00e4ste diesmal:<\/strong><\/h1>\n<\/td>\n<\/tr>\n<tr align=\"left\" valign=\"top\"><!-- MELLOW MARK #################################################### --><\/p>\n<td align=\"left\" valign=\"top\" width=\"300\"><img loading=\"lazy\" class=\"alignnone size-medium wp-image-1549\" src=\"http:\/\/rockberg-verein.de\/_wp\/wp-content\/uploads\/Mellow-Mark_JOH_3490_ChristophHomuth-300x199.jpg\" alt=\"Mellow-Mark_JOH_3490_ChristophHomuth\" width=\"300\" height=\"199\" srcset=\"http:\/\/rockberg-verein.de\/_wp\/wp-content\/uploads\/Mellow-Mark_JOH_3490_ChristophHomuth-300x199.jpg 300w, http:\/\/rockberg-verein.de\/_wp\/wp-content\/uploads\/Mellow-Mark_JOH_3490_ChristophHomuth-1024x681.jpg 1024w, http:\/\/rockberg-verein.de\/_wp\/wp-content\/uploads\/Mellow-Mark_JOH_3490_ChristophHomuth.jpg 1500w\" sizes=\"(max-width: 300px) 100vw, 300px\" \/><br \/>\n<object width=\"300\" height=\"240\" classid=\"clsid:d27cdb6e-ae6d-11cf-96b8-444553540000\" codebase=\"http:\/\/download.macromedia.com\/pub\/shockwave\/cabs\/flash\/swflash.cab#version=6,0,40,0\"><param name=\"wmode\" value=\"transparent\" \/><param name=\"src\" value=\"http:\/\/www.youtube.com\/v\/Ze9IOtHdEA8?autoplay=0\" \/><embed width=\"300\" height=\"240\" type=\"application\/x-shockwave-flash\" src=\"http:\/\/www.youtube.com\/v\/Ze9IOtHdEA8?autoplay=0\" wmode=\"transparent\" \/><\/object><br \/>\n<object width=\"300\" height=\"240\" classid=\"clsid:d27cdb6e-ae6d-11cf-96b8-444553540000\" codebase=\"http:\/\/download.macromedia.com\/pub\/shockwave\/cabs\/flash\/swflash.cab#version=6,0,40,0\"><param name=\"wmode\" value=\"transparent\" \/><param name=\"src\" value=\"http:\/\/www.youtube.com\/v\/_VVqzVOvelI?autoplay=0\" \/><embed width=\"300\" height=\"240\" type=\"application\/x-shockwave-flash\" src=\"http:\/\/www.youtube.com\/v\/_VVqzVOvelI?autoplay=0\" wmode=\"transparent\" \/><\/object><\/td>\n<td align=\"left\" valign=\"top\" width=\"100%\">\n<h1>Mellow Mark<\/h1>\n<p>Mellow Mark begeistert als One-Man-Band: er singt, rapt, macht Vokalakrobatik, spielt gleichzeitig dazu Drums und Gitarre und interagiert spontan mit dem Publikum. Dabei entsteht eine herzerfrischende Mischung aus Reggae, Hiphop, Soul\u00a0 und\u00a0 Songwriter mit einer Prise Punkrock.<br \/>\nDass Mellow Mark ein bemerkenswerter Texter, S\u00e4nger und Musiker ist, davon zeugen eine Menge Wegstationen seiner nunmehr zehn Jahre im Musikgesch\u00e4ft \u2013 der Echogewinn, German Reggae Award, zahllose Zusammenarbeiten mit K\u00fcnstlern wie Gentleman, Culcha Cundela oder Patrice, insgesamt f\u00fcnf bereits erschienene Studioalben, ein Live-Album, Nena coverte seinen Song Astronaut, er gr\u00fcndet sein eigenes Plattenlabel und neben unz\u00e4hligen Konzerten im deutschsprachigen Raum f\u00fchrten ihn seine Wege nicht nur nach Kuba, Senegal, \u00c4gypten oder in den Irak, sondern z.B. auch zu Stefan Raabs \u201eBundesvision Songcontest\u201c.<\/p>\n<p>Marks Botschaft ist die Soul Revolution, die mitmenschliche Gesellschaft. Mellow setzt der Egomanie die Liebe entgegen, er singt nicht nur, sondern engagiert sich auch gegen Umweltzerst\u00f6rung, Krieg, \u00dcberwachungsstaat, Rassismus und soziale Ungerechtigkeit.<br \/>\nDer Schlachtruf hei\u00dft dabei wie eh und je: L.I.E.B.E! Und nach dem Konzert wissen wir dann alle wie das zu buchstabieren ist!<\/p>\n<p><a href=\"https:\/\/www.facebook.com\/mlomark\" target=\"_blank\">Facebook<\/a> | <a href=\"http:\/\/www.mellow-mark.de\/\" target=\"_blank\">Website<\/a> | <a href=\"https:\/\/www.youtube.com\/user\/mellowmarkofficial\" target=\"_blank\">Youtube<\/a><\/td>\n<\/tr>\n<tr><!-- THE GREAT PARK #################################################### --><\/p>\n<td align=\"left\" valign=\"top\"><img loading=\"lazy\" class=\"alignnone size-medium wp-image-1554\" src=\"http:\/\/rockberg-verein.de\/_wp\/wp-content\/uploads\/The-great-Park-300x218.jpg\" alt=\"The great Park\" width=\"300\" height=\"218\" srcset=\"http:\/\/rockberg-verein.de\/_wp\/wp-content\/uploads\/The-great-Park-300x218.jpg 300w, http:\/\/rockberg-verein.de\/_wp\/wp-content\/uploads\/The-great-Park.jpg 640w\" sizes=\"(max-width: 300px) 100vw, 300px\" \/><br \/>\n<object width=\"300\" height=\"240\" classid=\"clsid:d27cdb6e-ae6d-11cf-96b8-444553540000\" codebase=\"http:\/\/download.macromedia.com\/pub\/shockwave\/cabs\/flash\/swflash.cab#version=6,0,40,0\"><param name=\"wmode\" value=\"transparent\" \/><param name=\"src\" value=\"http:\/\/www.youtube.com\/v\/-g_rbMYIzac?autoplay=0\" \/><embed width=\"300\" height=\"240\" type=\"application\/x-shockwave-flash\" src=\"http:\/\/www.youtube.com\/v\/-g_rbMYIzac?autoplay=0\" wmode=\"transparent\" \/><\/object><br \/>\n<object width=\"300\" height=\"240\" classid=\"clsid:d27cdb6e-ae6d-11cf-96b8-444553540000\" codebase=\"http:\/\/download.macromedia.com\/pub\/shockwave\/cabs\/flash\/swflash.cab#version=6,0,40,0\"><param name=\"wmode\" value=\"transparent\" \/><param name=\"src\" value=\"http:\/\/www.youtube.com\/v\/UJO7IQ8CmXE?autoplay=0\" \/><embed width=\"300\" height=\"240\" type=\"application\/x-shockwave-flash\" src=\"http:\/\/www.youtube.com\/v\/UJO7IQ8CmXE?autoplay=0\" wmode=\"transparent\" \/><\/object><\/td>\n<td align=\"left\" valign=\"top\">\n<h1>The Great Park<\/h1>\n<p>Auf einer kleinen Farm im l\u00e4ndlichen Irland fing Stephen Burch an Musik zu machen, mit allem was ein Haushalt so hergibt: Gitarre und Besen, Klavier, Ketten und T\u00f6pfe, \u2026<br \/>\nDie irische Seele ist seinen lyrischen Songs immer wieder anzumerken, auch wenn er als The Great Park seit Jahren durch ganz Europa tourt. \u00dcber 150 Konzerte im Jahr bringen den Engl\u00e4nder, mit derzeitigem Basislager in N\u00fcrnberg, regelm\u00e4\u00dfig nach Holland, \u00d6sterreich, Polen, Belgien, Spanien,Italien usw. Dabei hat er bereits 12 Alben \u00fcber das DIY Label Woodland Reccordings ver\u00f6ffentlicht und Musik zu einem Film beigesteuert.<br \/>\nUnd das Alles nicht um von der Musik zu leben, sondern weil er f\u00fcr seine Musik lebt!<br \/>\nStephen Burch singt traumhafte Folksongs, die nie kitschig werden. Er ist Singer, Songwriter und grandioser Poet, der aus dem Leben und f\u00fcr das Leben schreibt, in wunderbar gesetzten Worten und Melodien. Seine empfindsame Stimme und sein einf\u00fchlsames Gitarrenspiel geben seinen Liedern Tiefe und dem Zuh\u00f6rer ein wohlig-warmes Gef\u00fchl im Bauch, dabei sind seine Texte alles andere als vordergr\u00fcndig.<br \/>\nIntim, hinterlistig, schn\u00f6rkellos und gnadenlos poetisch, das ist The Great Park.<\/p>\n<p><a href=\"https:\/\/www.facebook.com\/thegreatpark\" target=\"_blank\">Facebook<\/a> | <a href=\"http:\/\/www.thegreatpark.co.uk\/\" target=\"_blank\">Website<\/a> | Youtube<\/td>\n<\/tr>\n<tr><!-- DANA AND FRIENDS #################################################### --><\/p>\n<td align=\"left\" valign=\"top\">\u00a0<img loading=\"lazy\" class=\"alignnone size-medium wp-image-1552\" src=\"http:\/\/rockberg-verein.de\/_wp\/wp-content\/uploads\/danaklein_scaled-300x200.jpg\" alt=\"danaklein_scaled\" width=\"300\" height=\"200\" srcset=\"http:\/\/rockberg-verein.de\/_wp\/wp-content\/uploads\/danaklein_scaled-300x200.jpg 300w, http:\/\/rockberg-verein.de\/_wp\/wp-content\/uploads\/danaklein_scaled.jpg 1024w\" sizes=\"(max-width: 300px) 100vw, 300px\" \/><\/td>\n<td align=\"left\" valign=\"top\">\n<h1>Dana &amp; Friends<\/h1>\n<p>Sobald der Winter hereinbricht, ist es f\u00fcr Dana an der Zeit, sich ihr Klavier auf den Buckel zu schnallen und mit Familie &amp; Freunden die Reise zur Rockberg Akustik Nacht anzutreten.<br \/>\nSie hat\u00a0 wieder ein paar vielseitige, handgemachte Songs im Gep\u00e4ck, die mit viel Selbstironie und Augenzwinkern von den kleinen und gro\u00dfen Belanglosigkeiten im Leben eines kleinen M\u00e4dchens in einer viel zu gro\u00dfen Welt erz\u00e4hlen. Singer, Songwriter-Musik mit wundersch\u00f6nen Arrangements und starker Stimme: vielleicht nicht laut- aber echt!<br \/>\nDana ist eine kreative Allrounderin, die nicht nur Musik macht und schreibt, sondern auch als Autorin, Kost\u00fcmbildnerin, uvm aktiv ist.<br \/>\nHarmonische Unterst\u00fctzung erf\u00e4hrt sie von Christa und G\u00fcnter Sauernheimer vom Kulturverein WAK, nat\u00fcrlich darf auch der Haus- und Hoftrommler Florian St\u00f6rig nicht fehlen. Zum ersten Mal mit dabei ist Lucas Fuchs, ehemaliger S\u00e4nger und Gitarrist von &#8222;Psycho Logic&#8220;. Da gibt es dann\u00a0 etwas zum Mitsingen, etwas zum Lachen, etwas zum Tr\u00e4umen und vielleicht die eine oder andere \u00dcberraschung&#8230;<\/p>\n<p><a href=\"https:\/\/www.facebook.com\/NoHeroesAtAll\" target=\"_blank\">Facebook<\/a> | Website | Youtube<\/td>\n<\/tr>\n<tr><!-- UNSRE KLEINE BAND #################################################### --><\/p>\n<td align=\"left\" valign=\"top\"><img loading=\"lazy\" class=\"alignnone size-medium wp-image-1595\" src=\"http:\/\/rockberg-verein.de\/_wp\/wp-content\/uploads\/UKB-alt-marmoriert-eingef\u00e4rbt-heller-300x200.png\" alt=\"UKB alt marmoriert eingef\u00e4rbt heller\" width=\"300\" height=\"200\" srcset=\"http:\/\/rockberg-verein.de\/_wp\/wp-content\/uploads\/UKB-alt-marmoriert-eingef\u00e4rbt-heller-300x200.png 300w, http:\/\/rockberg-verein.de\/_wp\/wp-content\/uploads\/UKB-alt-marmoriert-eingef\u00e4rbt-heller-1024x682.png 1024w, http:\/\/rockberg-verein.de\/_wp\/wp-content\/uploads\/UKB-alt-marmoriert-eingef\u00e4rbt-heller.png 1600w\" sizes=\"(max-width: 300px) 100vw, 300px\" \/><\/td>\n<td align=\"left\" valign=\"top\">\n<h1>Unsre kleine Band<\/h1>\n<p>MNB x 0,75<br \/>\nDas ist die Formel f\u00fcr das, was war und das, was kommt<br \/>\n\u2026f\u00fcr Licht und Schatten<br \/>\n\u2026f\u00fcr Schall und Rauch<br \/>\n\u2026f\u00fcr den verstrahlten Ph\u00f6nix vor dem Aschenbecher<br \/>\n\u2026f\u00fcr gutes Aussehen nach einer durchzechten Nacht<\/p>\n<p>&#8230; f\u00fcr die Liebe und gegen die Wohlstandsverwahrlosung<br \/>\nDas ist die Formel f\u00fcr drei M\u00e4nner<br \/>\n\u2026f\u00fcr den Freigeist<br \/>\n\u2026f\u00fcr den ewig Junggeblieben<br \/>\n\u2026f\u00fcr den Genie\u00dfer mit Intellekt<br \/>\n\u2026f\u00fcr Multitasking auf etwas anderem Niveau<br \/>\nDas ist die Formel f\u00fcr Musik mit Seele<br \/>\n\u2026f\u00fcr das Kreative<br \/>\n\u2026f\u00fcr Nichts<br \/>\n\u2026f\u00fcr Alles<br \/>\n\u2026f\u00fcr das, was \u00fcber dem Dach kommt<br \/>\nDrei Faktoren, ein Produkt: Unsere kleine Band.<br \/>\nDer Rest ist Lauschen.<\/p>\n<p><a href=\"https:\/\/www.facebook.com\/unsrekleineband\" target=\"_blank\">Unsre kleine Band auf Facebook<\/a><\/td>\n<\/tr>\n<tr><!-- MICAHEL JAKOB #################################################### --><\/p>\n<td align=\"left\" valign=\"top\"><img loading=\"lazy\" class=\"alignnone size-medium wp-image-1569\" src=\"http:\/\/rockberg-verein.de\/_wp\/wp-content\/uploads\/michael_jakob-300x247.jpg\" alt=\"michael_jakob\" width=\"300\" height=\"247\" srcset=\"http:\/\/rockberg-verein.de\/_wp\/wp-content\/uploads\/michael_jakob-300x247.jpg 300w, http:\/\/rockberg-verein.de\/_wp\/wp-content\/uploads\/michael_jakob.jpg 705w\" sizes=\"(max-width: 300px) 100vw, 300px\" \/><br \/>\n<object width=\"300\" height=\"240\" classid=\"clsid:d27cdb6e-ae6d-11cf-96b8-444553540000\" codebase=\"http:\/\/download.macromedia.com\/pub\/shockwave\/cabs\/flash\/swflash.cab#version=6,0,40,0\"><param name=\"wmode\" value=\"transparent\" \/><param name=\"src\" value=\"http:\/\/www.youtube.com\/v\/SUE2wQXog2Q?autoplay=0\" \/><embed width=\"300\" height=\"240\" type=\"application\/x-shockwave-flash\" src=\"http:\/\/www.youtube.com\/v\/SUE2wQXog2Q?autoplay=0\" wmode=\"transparent\" \/><\/object><\/td>\n<td align=\"left\" valign=\"top\">\n<h1>Michael Jakob<\/h1>\n<p>Jeder Text \u00fcber Michl Jakob ist sinnlos, denn seine sind besser.<\/p>\n<p><a href=\"https:\/\/www.facebook.com\/JakobMichl\" target=\"_blank\">Facebook<\/a> | <a href=\"http:\/\/www.michaeljakob.de\/\" target=\"_blank\">Website<\/a><\/td>\n<\/tr>\n<tr>\n<td colspan=\"2\"><span style=\"color: #999999;\">copyright der incredible Bandtexte wie immer by Flo \ud83d\ude42<\/span><\/td>\n<\/tr>\n<\/tbody>\n<\/table>\n<p>&nbsp;<\/p>\n<p>&nbsp;<\/p>\n","protected":false},"excerpt":{"rendered":"<p>Rockberg Akustik Nacht 2015 5. Januar 2015 Speckdrumm Ansbach 19.30 Uhr Zum 5. Mal kommt am 5. Januar 2015 die Rockberg Akustik Nacht in den Kulturverein Speckdrumm\/ Ansbach. Wie bereits in den Vorjahren moderiert Wortakrobat Michael Jakob einen Abend mit toller akustischer Musik ohne Verzerrer und Filter von Folk bis Liedermacher, von Reggae bis Singer\/Songwriter. [&hellip;]<\/p>\n","protected":false},"author":1,"featured_media":0,"parent":183,"menu_order":0,"comment_status":"open","ping_status":"open","template":"","meta":{"ngg_post_thumbnail":0},"_links":{"self":[{"href":"http:\/\/rockberg-verein.de\/_wp\/wp-json\/wp\/v2\/pages\/1525"}],"collection":[{"href":"http:\/\/rockberg-verein.de\/_wp\/wp-json\/wp\/v2\/pages"}],"about":[{"href":"http:\/\/rockberg-verein.de\/_wp\/wp-json\/wp\/v2\/types\/page"}],"author":[{"embeddable":true,"href":"http:\/\/rockberg-verein.de\/_wp\/wp-json\/wp\/v2\/users\/1"}],"replies":[{"embeddable":true,"href":"http:\/\/rockberg-verein.de\/_wp\/wp-json\/wp\/v2\/comments?post=1525"}],"version-history":[{"count":32,"href":"http:\/\/rockberg-verein.de\/_wp\/wp-json\/wp\/v2\/pages\/1525\/revisions"}],"predecessor-version":[{"id":1597,"href":"http:\/\/rockberg-verein.de\/_wp\/wp-json\/wp\/v2\/pages\/1525\/revisions\/1597"}],"up":[{"embeddable":true,"href":"http:\/\/rockberg-verein.de\/_wp\/wp-json\/wp\/v2\/pages\/183"}],"wp:attachment":[{"href":"http:\/\/rockberg-verein.de\/_wp\/wp-json\/wp\/v2\/media?parent=1525"}],"curies":[{"name":"wp","href":"https:\/\/api.w.org\/{rel}","templated":true}]}}