{"id":1291,"date":"2014-06-10T16:40:05","date_gmt":"2014-06-10T15:40:05","guid":{"rendered":"http:\/\/rockberg-verein.de\/_wp\/?page_id=1291"},"modified":"2014-07-06T14:40:40","modified_gmt":"2014-07-06T13:40:40","slug":"rockberg-2014-anfahrt","status":"publish","type":"page","link":"http:\/\/rockberg-verein.de\/_wp\/rockberg-2014\/rockberg-2014-anfahrt","title":{"rendered":"Rockberg 2014 Anfahrt"},"content":{"rendered":"<h3 style=\"text-align: center;\"><strong><a title=\"Rockberg 2014\" href=\"http:\/\/rockberg-verein.de\/_wp\/rockberg-2014\">Info<\/a> |++| Anfahrt |++| <a title=\"Rockberg 2014 Lineup\" href=\"http:\/\/rockberg-verein.de\/_wp\/rockberg-2014\/rockberg-2014-lineup\">Lineup<\/a> |++| <a title=\"Rockberg 2014 Sponsoren\" href=\"http:\/\/rockberg-verein.de\/_wp\/rockberg-2014\/rockberg-2014-sponsoren\">Sponsoren<\/a> | ++ | <a href=\"https:\/\/www.facebook.com\/events\/1434568186806954\/\" target=\"_blank\">Facebook<\/a><\/strong><\/h3>\n<h3 style=\"text-align: center;\"><\/h3>\n<p>&nbsp;<\/p>\n<p style=\"text-align: center;\"><em>Obwohl eigentlich alle Wege nach Bruckberg f\u00fchren und wie mancher weiss keiner mehr raus &#8211; hier eine Anreisehilfe, damit auch jede(r) Willige den Weg findet!<\/em><\/p>\n<p style=\"text-align: center;\"><a href=\"http:\/\/rockberg-verein.de\/_wp\/wp-content\/uploads\/rockberg_anfahrt_ansbach_nuernberg.jpg\" target=\"_blank\" data-rel=\"lightbox-image-0\" data-rl_title=\"\" data-rl_caption=\"\"><img loading=\"lazy\" class=\"size-thumbnail wp-image-387\" title=\"\" src=\"http:\/\/rockberg-verein.de\/_wp\/wp-content\/uploads\/rockberg_anfahrt_ansbach_nuernberg-150x150.jpg\" alt=\"\" width=\"150\" height=\"150\" hspace=\"10\" srcset=\"http:\/\/rockberg-verein.de\/_wp\/wp-content\/uploads\/rockberg_anfahrt_ansbach_nuernberg-150x150.jpg 150w, http:\/\/rockberg-verein.de\/_wp\/wp-content\/uploads\/rockberg_anfahrt_ansbach_nuernberg-64x64.jpg 64w, http:\/\/rockberg-verein.de\/_wp\/wp-content\/uploads\/rockberg_anfahrt_ansbach_nuernberg-128x128.jpg 128w, http:\/\/rockberg-verein.de\/_wp\/wp-content\/uploads\/rockberg_anfahrt_ansbach_nuernberg-320x320.jpg 320w\" sizes=\"(max-width: 150px) 100vw, 150px\" \/><\/a><a href=\"http:\/\/rockberg-verein.de\/_wp\/wp-content\/uploads\/Rockberg-Open-Air-Location-Alte-Poststra\u00dfe.png\" data-rel=\"lightbox-image-1\" data-rl_title=\"\" data-rl_caption=\"\" title=\"\"><img loading=\"lazy\" class=\"alignnone wp-image-1500 size-thumbnail\" src=\"http:\/\/rockberg-verein.de\/_wp\/wp-content\/uploads\/Rockberg-Open-Air-Location-Alte-Poststra\u00dfe-150x150.png\" alt=\"Rockberg Open Air Location Alte Poststra\u00dfe\" width=\"150\" height=\"150\" hspace=\"&quot;10\/\" srcset=\"http:\/\/rockberg-verein.de\/_wp\/wp-content\/uploads\/Rockberg-Open-Air-Location-Alte-Poststra\u00dfe-150x150.png 150w, http:\/\/rockberg-verein.de\/_wp\/wp-content\/uploads\/Rockberg-Open-Air-Location-Alte-Poststra\u00dfe-64x64.png 64w, http:\/\/rockberg-verein.de\/_wp\/wp-content\/uploads\/Rockberg-Open-Air-Location-Alte-Poststra\u00dfe-128x128.png 128w, http:\/\/rockberg-verein.de\/_wp\/wp-content\/uploads\/Rockberg-Open-Air-Location-Alte-Poststra\u00dfe-320x320.png 320w\" sizes=\"(max-width: 150px) 100vw, 150px\" \/><\/a><\/p>\n<p style=\"text-align: center;\"><strong><a href=\"https:\/\/www.google.de\/maps\/dir\/\/Alte+Poststra%C3%9Fe+24,+91590+Bruckberg\/@49.3466028,10.694096,14041m\/data=!3m1!1e3!4m8!4m7!1m0!1m5!1m1!1s0x4798afd5ac8e8287:0x1bf7c8877801f6b6!2m2!1d10.6999302!2d49.3615851\" target=\"_blank\"><strong>&gt;&gt;<\/strong>Google Maps Routenplanung nach Bruckberg&lt;&lt;<\/a><br \/>\n<\/strong><\/p>\n<p style=\"text-align: center;\"><strong>ACHTUNG!!! Neuer Platz f\u00fcr den Rockberg! Alte Postrasse, Dorfmitte (beim Tremmelmarkt) Einfach der Beschilderung folgen!!!<\/strong><\/p>\n<ul>\n<ul>\n<li><span style=\"text-decoration: underline;\"><strong>Von Ansbach kommend:<\/strong> <\/span>\n<div align=\"justify\">Von Ansbach die B14 bis Obereichenbach und dann rechts ab nach Richtung Gro\u00dfhabersdorf, Dietenhofen und nat\u00fcrlich Bruckberg (alles ausgeschildert). Dann einfach immer der Nase nach, besser gesagt immer auf der Staatsstra\u00dfe bleiben und so ca. nach 8 Km ist man dann schon in Bruckberg. Kurz nach dem Ortsschild einfach rechts abbiegen, dort stehen Parkpl\u00e4tze zur verf\u00fcgung<\/div>\n<\/li>\n<li>\n<div align=\"justify\">Weitere Parkm\u00f6glichkeiten gibt es am Frischemarkt Tremmel \/ Alte Poststrasse, gleich links nach dem Ortsschild und dann wieder rechts.<\/div>\n<\/li>\n<li><strong><span style=\"text-decoration: underline;\">Von Heilsbronn kommend: <\/span><\/strong>\n<div align=\"justify\">Richtung Ketteldorf, Kleinhaslach, dem Strassenverlauf f\u00fcr ca. 7 km folgen, dann bei Kleinhaslach links Richtung Bruckberg, Ansbach. Am Ortsende (nach dem Fu\u00dfg\u00e4ngertunnel) scharf rechts zum Frischemarkt, oder links zu den anderen Parkpl\u00e4tzen.<\/div>\n<\/li>\n<li><strong><span style=\"text-decoration: underline;\">Von N\u00fcrnberg kommend: <\/span><\/strong>\n<div align=\"justify\">B14 Richtung Ansbach bis Wicklesgreuth. Rechts abbiegen, Richtung Dietenhofen, Bruckberg, nach Wustendorf am Stoppschild rechts und nach 2 km kommt ihr zum Rockberg<\/div>\n<\/li>\n<li>\n<div align=\"justify\">oder noch einfacher: Rothenburgerstrasse stadtausw\u00e4rts Richtung Oberasbach, immer folgen, bis man in Bruckberg landet!<\/div>\n<\/li>\n<\/ul>\n<\/ul>\n<div align=\"justify\"><\/div>\n<p style=\"padding-left: 30px;\" align=\"justify\"><strong>Bitte r\u00fccksichtsvoll fahren! Danke!<\/strong><\/p>\n","protected":false},"excerpt":{"rendered":"<p>Info |++| Anfahrt |++| Lineup |++| Sponsoren | ++ | Facebook &nbsp; Obwohl eigentlich alle Wege nach Bruckberg f\u00fchren und wie mancher weiss keiner mehr raus &#8211; hier eine Anreisehilfe, damit auch jede(r) Willige den Weg findet! &gt;&gt;Google Maps Routenplanung nach Bruckberg&lt;&lt; ACHTUNG!!! Neuer Platz f\u00fcr den Rockberg! Alte Postrasse, Dorfmitte (beim Tremmelmarkt) Einfach der [&hellip;]<\/p>\n","protected":false},"author":1,"featured_media":0,"parent":1285,"menu_order":0,"comment_status":"open","ping_status":"open","template":"","meta":{"ngg_post_thumbnail":0},"_links":{"self":[{"href":"http:\/\/rockberg-verein.de\/_wp\/wp-json\/wp\/v2\/pages\/1291"}],"collection":[{"href":"http:\/\/rockberg-verein.de\/_wp\/wp-json\/wp\/v2\/pages"}],"about":[{"href":"http:\/\/rockberg-verein.de\/_wp\/wp-json\/wp\/v2\/types\/page"}],"author":[{"embeddable":true,"href":"http:\/\/rockberg-verein.de\/_wp\/wp-json\/wp\/v2\/users\/1"}],"replies":[{"embeddable":true,"href":"http:\/\/rockberg-verein.de\/_wp\/wp-json\/wp\/v2\/comments?post=1291"}],"version-history":[{"count":15,"href":"http:\/\/rockberg-verein.de\/_wp\/wp-json\/wp\/v2\/pages\/1291\/revisions"}],"predecessor-version":[{"id":1502,"href":"http:\/\/rockberg-verein.de\/_wp\/wp-json\/wp\/v2\/pages\/1291\/revisions\/1502"}],"up":[{"embeddable":true,"href":"http:\/\/rockberg-verein.de\/_wp\/wp-json\/wp\/v2\/pages\/1285"}],"wp:attachment":[{"href":"http:\/\/rockberg-verein.de\/_wp\/wp-json\/wp\/v2\/media?parent=1291"}],"curies":[{"name":"wp","href":"https:\/\/api.w.org\/{rel}","templated":true}]}}