{"id":1285,"date":"2014-06-10T16:33:51","date_gmt":"2014-06-10T15:33:51","guid":{"rendered":"http:\/\/rockberg-verein.de\/_wp\/?page_id=1285"},"modified":"2014-07-06T14:29:34","modified_gmt":"2014-07-06T13:29:34","slug":"rockberg-2014","status":"publish","type":"page","link":"http:\/\/rockberg-verein.de\/_wp\/rockberg-2014","title":{"rendered":"Rockberg 2014"},"content":{"rendered":"<h3 style=\"text-align: center;\"><strong>Info |++| <a title=\"Rockberg 2014 Anfahrt\" href=\"http:\/\/rockberg-verein.de\/_wp\/rockberg-2014\/rockberg-2014-anfahrt\">Anfahrt<\/a> |++| <a title=\"Rockberg 2014 Lineup\" href=\"http:\/\/rockberg-verein.de\/_wp\/rockberg-2014\/rockberg-2014-lineup\">Lineup<\/a> |++| <a title=\"Rockberg 2014 Sponsoren\" href=\"http:\/\/rockberg-verein.de\/_wp\/rockberg-2014\/rockberg-2014-sponsoren\">Sponsoren<\/a> | ++ | <a href=\"https:\/\/www.facebook.com\/events\/1434568186806954\/\" target=\"_blank\">Facebook<\/a><\/strong><\/h3>\n<p>&nbsp;<\/p>\n<table style=\"background-image: url('http:\/\/rockberg-verein.de\/_wp\/wp-content\/uploads\/rockberg_2014_banner_badaboom_700_300.jpg'); width: 100%; height: 300px;\" border=\"0\">\n<tbody>\n<tr>\n<td style=\"width: 100%;\" valign=\"center\">\n<h1 style=\"text-align: left;\"><span style=\"color: #ffffff;\">Rockberg<\/span><\/h1>\n<h1 style=\"text-align: left;\"><span style=\"color: #ffffff;\">Open Air<\/span><\/h1>\n<h1 style=\"text-align: left;\"><span style=\"color: #ffffff;\">XI<\/span><\/h1>\n<h1 style=\"text-align: left;\"><span style=\"color: #ffffff;\">26.7.14<\/span><\/h1>\n<h1 style=\"text-align: left;\"><span style=\"color: #ffffff;\">15:00<\/span><\/h1>\n<\/td>\n<\/tr>\n<\/tbody>\n<\/table>\n<p>Am Samstag, <span style=\"font-size: 14pt;\"><strong>den 26. Juli 2014<\/strong><\/span> findet zum 11. mal das Rockberg Open Air in Bruckberg statt.<br \/>\n<a href=\"https:\/\/www.facebook.com\/events\/1434568186806954\/\" target=\"_blank\"><img loading=\"lazy\" class=\"alignleft wp-image-593\" title=\"Rockberg Open Air 2014 auf Facebook\" src=\"http:\/\/rockberg-verein.de\/_wp\/wp-content\/uploads\/facebook_button-300x300.png\" alt=\"Rockberg Open Air 2014 auf Facebook\" width=\"60\" height=\"60\" \/><\/a>Sechs Bands aus der Region und dar\u00fcber hinaus werden ab 15 Uhr bis in die Nacht hinein auf der Festwiese an der Alten Postrasse (Dorfmitte) auftreten. Dazu gibt es H\u00fcpfburg, Gaukler, Kicker, Kinderangebote, Feuershow, Lagerfeuermusik und mehr.<br \/>\nEine illustre Auswahl an Bands gibt sich die Ehre, so kommen die Gewinner des europ\u00e4ischen Folk-Kulturpreises Gankino Circus mit ihrer anarchischen Mixtur aus Balkanbeats, Gypsypunk und Frankensoul. Au\u00dferdem spielen BADABOOM! aus Bayreuth (alternative Rock, Funk), Turnaround (Soul), Flic Flac Flop (Rock\/Pop) und Gedsnoaweng (fr\u00e4nggisch Folk) um den ehemaligen Sabalodd-Frontmann.<br \/>\nDazu gibt es die Wiedervereinigung von Barfuuhs (Reaggn`Pop und mehr).<br \/>\nF\u00fcr die Freunde der elektronischen Gangart legen zum Abschluss die \u201eRockberg BassCrew\u201c-Djs Drum&amp;Bass, Electro und Breaks auf die Plattenteller.<br \/>\nErwartet wird ein buntes Publikum aus allen Altersschichten. Seit Jahren zeichnet sich der Rockberg auch durch seine friedliche und famili\u00e4re Atmosph\u00e4re aus.<\/p>\n<p>&nbsp;<\/p>\n<h2>Die K\u00fcnstler 2014<\/h2>\n<table style=\"width: 100%;\" border=\"0\">\n<tbody>\n<tr>\n<td><a title=\"Rockberg 2014 Lineup\" href=\"http:\/\/rockberg-verein.de\/_wp\/rockberg-2014\/rockberg-2014-lineup\"><img loading=\"lazy\" class=\"alignleft size-medium wp-image-1340\" src=\"http:\/\/rockberg-verein.de\/_wp\/wp-content\/uploads\/GankinoCircus1-300x200.jpg\" alt=\"GankinoCircus1\" width=\"300\" height=\"200\" srcset=\"http:\/\/rockberg-verein.de\/_wp\/wp-content\/uploads\/GankinoCircus1-300x200.jpg 300w, http:\/\/rockberg-verein.de\/_wp\/wp-content\/uploads\/GankinoCircus1-1024x682.jpg 1024w\" sizes=\"(max-width: 300px) 100vw, 300px\" \/><\/a><\/td>\n<td style=\"width: 100%;\">\n<ul>\n<li><span style=\"font-size: 18px;\"><strong>Gankino Circus<\/strong><span style=\"color: #000000; font-size: 14px;\">\u00a0(balkan beats, gypsy punk, franken soul)<\/span><\/span><\/li>\n<li><span style=\"font-size: 18px;\"><strong>BADABOOM!\u00a0<\/strong><span style=\"font-size: 14px;\">(alternative Rock, Funk)<\/span><\/span><\/li>\n<li><span style=\"font-size: 18px;\"><strong>Turnaround<\/strong><span style=\"font-size: 14px;\">\u00a0(soul)<\/span><\/span><\/li>\n<li><span style=\"font-size: 18px;\"><strong>Flic Flac Flop<\/strong><span style=\"font-size: 14px;\">\u00a0(rock\/pop)<\/span><\/span><\/li>\n<li><span style=\"font-size: 18px;\"><strong>Gedsnoaweng<\/strong><span style=\"font-size: 14px;\"> (fr\u00e4nggisch Folk)<\/span><br \/>\n<\/span><\/li>\n<li><span style=\"font-size: 16px;\"><span style=\"font-size: 18px;\"><strong>Barfuuhs<\/strong><\/span> <span style=\"font-size: 18px;\"><span style=\"font-size: 14px;\">(ReggaeRockPopFolk)<\/span><\/span><br \/>\n<\/span><\/li>\n<li><span style=\"font-size: 16px;\"><span style=\"font-size: 18px;\"><strong>Rockberg Bass Crew<\/strong><\/span> im Aftershow-D&amp;B-Zelt <span style=\"font-size: 18px;\"><span style=\"font-size: 14px;\">(francolectro, danceyourassoffquadhop)<\/span><\/span><\/span><\/li>\n<\/ul>\n<\/td>\n<\/tr>\n<\/tbody>\n<\/table>\n<p>&nbsp;<\/p>\n<p>Nat\u00fcrlich gibts bei uns Verpflegung mit und ohne Fleisch, s\u00fc\u00dfes und deftiges zu trinken und Unterhaltung f\u00fcr Gro\u00df und Klein. Nur den Spass &#8211; den m\u00fcsst Ihr dabei selber haben!<\/p>\n<p><span style=\"font-size: 18px;\"><strong><span style=\"color: #ff0000;\">Kindertatoos, H\u00fcpfburg, Tombola mit tollen Preisen, Jonglage, Musik am Lagerfeuer, &#8230; <\/span><\/strong><\/span><\/p>\n<p><strong><span style=\"color: #ff0000;\">Gegrilltes, Belegtes, Kaffee, Kuchen, Wasser, Limo, Spezi, Bier, Caipi und Drinks, Merchandise der K\u00fcnstler, Schmuckstand und mehr&#8230;<\/span><\/strong><\/p>\n<table style=\"width: 100%;\" border=\"0\">\n<tbody>\n<tr>\n<td style=\"text-align: center;\"><img loading=\"lazy\" class=\"alignnone size-thumbnail wp-image-1041\" src=\"http:\/\/rockberg-verein.de\/_wp\/wp-content\/uploads\/rockberg_caipi_bar_2005-150x150.jpg\" alt=\"rockberg_caipi_bar_2005\" width=\"150\" height=\"150\" srcset=\"http:\/\/rockberg-verein.de\/_wp\/wp-content\/uploads\/rockberg_caipi_bar_2005-150x150.jpg 150w, http:\/\/rockberg-verein.de\/_wp\/wp-content\/uploads\/rockberg_caipi_bar_2005-64x64.jpg 64w, http:\/\/rockberg-verein.de\/_wp\/wp-content\/uploads\/rockberg_caipi_bar_2005-128x128.jpg 128w\" sizes=\"(max-width: 150px) 100vw, 150px\" \/> <img loading=\"lazy\" class=\"alignnone size-thumbnail wp-image-1042\" src=\"http:\/\/rockberg-verein.de\/_wp\/wp-content\/uploads\/rockberg_eichi_feuer-150x150.jpg\" alt=\"rockberg_eichi_feuer\" width=\"150\" height=\"150\" srcset=\"http:\/\/rockberg-verein.de\/_wp\/wp-content\/uploads\/rockberg_eichi_feuer-150x150.jpg 150w, http:\/\/rockberg-verein.de\/_wp\/wp-content\/uploads\/rockberg_eichi_feuer-64x64.jpg 64w, http:\/\/rockberg-verein.de\/_wp\/wp-content\/uploads\/rockberg_eichi_feuer-128x128.jpg 128w, http:\/\/rockberg-verein.de\/_wp\/wp-content\/uploads\/rockberg_eichi_feuer-320x320.jpg 320w\" sizes=\"(max-width: 150px) 100vw, 150px\" \/> <img loading=\"lazy\" class=\"alignnone size-thumbnail wp-image-1043\" src=\"http:\/\/rockberg-verein.de\/_wp\/wp-content\/uploads\/rockberg_eichi_kiste_rolabola-150x150.jpg\" alt=\"rockberg_eichi_kiste_rolabola\" width=\"150\" height=\"150\" srcset=\"http:\/\/rockberg-verein.de\/_wp\/wp-content\/uploads\/rockberg_eichi_kiste_rolabola-150x150.jpg 150w, http:\/\/rockberg-verein.de\/_wp\/wp-content\/uploads\/rockberg_eichi_kiste_rolabola-64x64.jpg 64w, http:\/\/rockberg-verein.de\/_wp\/wp-content\/uploads\/rockberg_eichi_kiste_rolabola-128x128.jpg 128w, http:\/\/rockberg-verein.de\/_wp\/wp-content\/uploads\/rockberg_eichi_kiste_rolabola-320x320.jpg 320w\" sizes=\"(max-width: 150px) 100vw, 150px\" \/> <img loading=\"lazy\" class=\"alignnone size-thumbnail wp-image-1044\" src=\"http:\/\/rockberg-verein.de\/_wp\/wp-content\/uploads\/rockberg_fans-150x150.jpg\" alt=\"rockberg_fans\" width=\"150\" height=\"150\" srcset=\"http:\/\/rockberg-verein.de\/_wp\/wp-content\/uploads\/rockberg_fans-150x150.jpg 150w, http:\/\/rockberg-verein.de\/_wp\/wp-content\/uploads\/rockberg_fans-64x64.jpg 64w, http:\/\/rockberg-verein.de\/_wp\/wp-content\/uploads\/rockberg_fans-128x128.jpg 128w, http:\/\/rockberg-verein.de\/_wp\/wp-content\/uploads\/rockberg_fans-320x320.jpg 320w\" sizes=\"(max-width: 150px) 100vw, 150px\" \/> <img loading=\"lazy\" class=\"alignnone size-thumbnail wp-image-1045\" src=\"http:\/\/rockberg-verein.de\/_wp\/wp-content\/uploads\/rockberg_huepfburg-150x150.jpg\" alt=\"rockberg_huepfburg\" width=\"150\" height=\"150\" srcset=\"http:\/\/rockberg-verein.de\/_wp\/wp-content\/uploads\/rockberg_huepfburg-150x150.jpg 150w, http:\/\/rockberg-verein.de\/_wp\/wp-content\/uploads\/rockberg_huepfburg-64x64.jpg 64w, http:\/\/rockberg-verein.de\/_wp\/wp-content\/uploads\/rockberg_huepfburg-128x128.jpg 128w, http:\/\/rockberg-verein.de\/_wp\/wp-content\/uploads\/rockberg_huepfburg-320x320.jpg 320w\" sizes=\"(max-width: 150px) 100vw, 150px\" \/> <img loading=\"lazy\" class=\"alignnone size-thumbnail wp-image-1047\" src=\"http:\/\/rockberg-verein.de\/_wp\/wp-content\/uploads\/rockberg_spass-150x150.jpg\" alt=\"rockberg_spass\" width=\"150\" height=\"150\" srcset=\"http:\/\/rockberg-verein.de\/_wp\/wp-content\/uploads\/rockberg_spass-150x150.jpg 150w, http:\/\/rockberg-verein.de\/_wp\/wp-content\/uploads\/rockberg_spass-64x64.jpg 64w, http:\/\/rockberg-verein.de\/_wp\/wp-content\/uploads\/rockberg_spass-128x128.jpg 128w, http:\/\/rockberg-verein.de\/_wp\/wp-content\/uploads\/rockberg_spass-320x320.jpg 320w\" sizes=\"(max-width: 150px) 100vw, 150px\" \/> <img loading=\"lazy\" class=\"alignnone size-thumbnail wp-image-1048\" src=\"http:\/\/rockberg-verein.de\/_wp\/wp-content\/uploads\/rockberg_tanzkreis-150x150.jpg\" alt=\"rockberg_tanzkreis\" width=\"150\" height=\"150\" srcset=\"http:\/\/rockberg-verein.de\/_wp\/wp-content\/uploads\/rockberg_tanzkreis-150x150.jpg 150w, http:\/\/rockberg-verein.de\/_wp\/wp-content\/uploads\/rockberg_tanzkreis-64x64.jpg 64w, http:\/\/rockberg-verein.de\/_wp\/wp-content\/uploads\/rockberg_tanzkreis-128x128.jpg 128w, http:\/\/rockberg-verein.de\/_wp\/wp-content\/uploads\/rockberg_tanzkreis-320x320.jpg 320w\" sizes=\"(max-width: 150px) 100vw, 150px\" \/> <img loading=\"lazy\" class=\"alignnone size-thumbnail wp-image-1049\" src=\"http:\/\/rockberg-verein.de\/_wp\/wp-content\/uploads\/rockberg_vip_pool_2005-150x150.jpg\" alt=\"rockberg_vip_pool_2005\" width=\"150\" height=\"150\" srcset=\"http:\/\/rockberg-verein.de\/_wp\/wp-content\/uploads\/rockberg_vip_pool_2005-150x150.jpg 150w, http:\/\/rockberg-verein.de\/_wp\/wp-content\/uploads\/rockberg_vip_pool_2005-64x64.jpg 64w, http:\/\/rockberg-verein.de\/_wp\/wp-content\/uploads\/rockberg_vip_pool_2005-128x128.jpg 128w\" sizes=\"(max-width: 150px) 100vw, 150px\" \/><\/td>\n<\/tr>\n<\/tbody>\n<\/table>\n<p>&nbsp;<\/p>\n<p>Ganz kostenlos gehts nat\u00fcrlich nicht, aber daf\u00fcr ists nicht umsonst! Hier die Eintrittspreise 2014:<\/p>\n<table border=\"0\" cellspacing=\"5\" cellpadding=\"5\">\n<tbody>\n<tr>\n<td><strong>Otto-Normal-H\u00f6rer zahlen bei uns<\/strong><\/td>\n<td><strong>8 \u20ac<\/strong><\/td>\n<\/tr>\n<tr>\n<td><strong>Erm\u00e4\u00dfigter Eintrittspreis<br \/>\n<\/strong><\/td>\n<td><strong>5 \u20ac<\/strong><\/td>\n<\/tr>\n<\/tbody>\n<\/table>\n<p>&nbsp;<\/p>\n<p>Es sind gen\u00fcgend Parkpl\u00e4tze in der N\u00e4he vorhanden. Bitte nicht einfach am Rand der Durchgangsstra\u00dfe parken. Abf\u00e4lle bitte in den ausgehangenen M\u00fclls\u00e4cken entsorgen. Wer einen Platz zum Zelten braucht meldet sich einfach bei uns.<\/p>\n<p>Wie man zu uns kommt und wo Parkpl\u00e4tze sind findet Ihr auf der <a title=\"Rockberg 2014 Anfahrt\" href=\"http:\/\/rockberg-verein.de\/_wp\/rockberg-2014\/rockberg-2014-anfahrt\"><strong>Anfahrtsseite<\/strong><\/a>.<\/p>\n","protected":false},"excerpt":{"rendered":"<p>Info |++| Anfahrt |++| Lineup |++| Sponsoren | ++ | Facebook &nbsp; Rockberg Open Air XI 26.7.14 15:00 Am Samstag, den 26. Juli 2014 findet zum 11. mal das Rockberg Open Air in Bruckberg statt. Sechs Bands aus der Region und dar\u00fcber hinaus werden ab 15 Uhr bis in die Nacht hinein auf der Festwiese [&hellip;]<\/p>\n","protected":false},"author":1,"featured_media":0,"parent":0,"menu_order":0,"comment_status":"open","ping_status":"open","template":"","meta":{"ngg_post_thumbnail":0},"_links":{"self":[{"href":"http:\/\/rockberg-verein.de\/_wp\/wp-json\/wp\/v2\/pages\/1285"}],"collection":[{"href":"http:\/\/rockberg-verein.de\/_wp\/wp-json\/wp\/v2\/pages"}],"about":[{"href":"http:\/\/rockberg-verein.de\/_wp\/wp-json\/wp\/v2\/types\/page"}],"author":[{"embeddable":true,"href":"http:\/\/rockberg-verein.de\/_wp\/wp-json\/wp\/v2\/users\/1"}],"replies":[{"embeddable":true,"href":"http:\/\/rockberg-verein.de\/_wp\/wp-json\/wp\/v2\/comments?post=1285"}],"version-history":[{"count":25,"href":"http:\/\/rockberg-verein.de\/_wp\/wp-json\/wp\/v2\/pages\/1285\/revisions"}],"predecessor-version":[{"id":1499,"href":"http:\/\/rockberg-verein.de\/_wp\/wp-json\/wp\/v2\/pages\/1285\/revisions\/1499"}],"wp:attachment":[{"href":"http:\/\/rockberg-verein.de\/_wp\/wp-json\/wp\/v2\/media?parent=1285"}],"curies":[{"name":"wp","href":"https:\/\/api.w.org\/{rel}","templated":true}]}}