{"id":1162,"date":"2013-12-05T13:12:02","date_gmt":"2013-12-05T12:12:02","guid":{"rendered":"http:\/\/rockberg-verein.de\/_wp\/?page_id=1162"},"modified":"2013-12-15T12:48:27","modified_gmt":"2013-12-15T11:48:27","slug":"rockberg-akustik-nacht-2014","status":"publish","type":"page","link":"http:\/\/rockberg-verein.de\/_wp\/rockberg-akustik-nacht-2014","title":{"rendered":"Rockberg Akustik Nacht 2014"},"content":{"rendered":"<table style=\"width: 100%;\" border=\"0\" cellspacing=\"2\" cellpadding=\"5\">\n<tbody>\n<tr align=\"left\" valign=\"top\">\n<td colspan=\"2\" align=\"left\" valign=\"top\">\n<h1>Rockberg Akustik Nacht 2014<\/h1>\n<h2>5. Januar 2014 Speckdrumm Ansbach 19.30 Uhr<\/h2>\n<\/td>\n<\/tr>\n<tr align=\"left\" valign=\"top\">\n<td align=\"left\" valign=\"top\">\n<h1><img class=\"alignleft  wp-image-1125\" alt=\"rockberg_akustik_nacht_front_vorschau\" src=\"http:\/\/rockberg-verein.de\/_wp\/wp-content\/uploads\/rockberg_akustik_nacht_front_vorschau-723x1024.jpg\" width=\"300\" srcset=\"http:\/\/rockberg-verein.de\/_wp\/wp-content\/uploads\/rockberg_akustik_nacht_front_vorschau-723x1024.jpg 723w, http:\/\/rockberg-verein.de\/_wp\/wp-content\/uploads\/rockberg_akustik_nacht_front_vorschau-212x300.jpg 212w, http:\/\/rockberg-verein.de\/_wp\/wp-content\/uploads\/rockberg_akustik_nacht_front_vorschau.jpg 800w\" sizes=\"(max-width: 723px) 100vw, 723px\" \/><\/h1>\n<\/td>\n<td align=\"left\" valign=\"top\" width=\"100%\">Zum 4. Mal kommt die Rockberg Akustik Nacht in den Kulturverein Speckdrumm. Wie bereits in den Vorjahren moderiert Wortakrobat <strong>Michael Jakob<\/strong> einen Abend mit toller akustischer Musik <strong>ohne Verzerrer und Filter von Soul bis Liedermacher, von Reggae bis Chanson.<\/strong> Stimmungen und Stimmen, Instrumente und Emotionen und das Alles intensiv, hautnah und direkt.Wir sehen im <strong><a href=\"http:\/\/www.speckdrumm.de\/\" target=\"_blank\">Speckdrumm<\/a><\/strong>.<br \/>\n<a href=\"http:\/\/goo.gl\/maps\/UOfOo\" target=\"_blank\">-&gt; Ansbach &#8211; Naglerstrasse 9<\/a>&nbsp;<\/p>\n<p><strong>Eintritt:<\/strong><\/p>\n<p>Ottonormalzuh\u00f6rer: 8\u20ac<br \/>\nErm\u00e4\u00dfigte: 5\u20ac<\/p>\n<p>&nbsp;<\/p>\n<p><a href=\"https:\/\/www.facebook.com\/events\/1406743446230855\/\" target=\"_blank\"><img loading=\"lazy\" class=\"alignleft\" alt=\"Facebook\" src=\"http:\/\/rockberg-verein.de\/_wp\/wp-content\/uploads\/facebook_button-150x150.png\" width=\"40\" height=\"40\" \/><\/a>Akustik Nacht 2014<br \/>\nVeranstaltung @ Facebook<\/p>\n<p>&nbsp;<\/td>\n<\/tr>\n<tr align=\"left\" valign=\"top\">\n<td style=\"text-align: center;\" colspan=\"2\" align=\"left\" valign=\"top\"><strong>\u00a0Unsere G\u00e4ste diesmal:<\/strong><\/td>\n<\/tr>\n<tr align=\"left\" valign=\"top\">\n<td align=\"left\" valign=\"top\">\n<div class=\"youtube\" style=\"width: 300;\"><img loading=\"lazy\" class=\"alignleft size-full wp-image-1205\" alt=\"artist_jennifer_washington_2_300\" src=\"http:\/\/rockberg-verein.de\/_wp\/wp-content\/uploads\/artist_jennifer_washington_2_300.jpg\" width=\"300\" height=\"210\" \/><object width=\"300\" height=\"240\" classid=\"clsid:d27cdb6e-ae6d-11cf-96b8-444553540000\" codebase=\"http:\/\/download.macromedia.com\/pub\/shockwave\/cabs\/flash\/swflash.cab#version=6,0,40,0\"><param name=\"wmode\" value=\"transparent\" \/><param name=\"src\" value=\"http:\/\/www.youtube.com\/v\/a7pxqlArKUM?autoplay=0\" \/><embed width=\"300\" height=\"240\" type=\"application\/x-shockwave-flash\" src=\"http:\/\/www.youtube.com\/v\/a7pxqlArKUM?autoplay=0\" wmode=\"transparent\" \/><\/object><\/div>\n<\/td>\n<td align=\"left\" valign=\"top\">Mit <span style=\"font-size: 14px;\"><b>Jennifer Washington<\/b><\/span> kommt eine S\u00e4ngerin der besonderen Art. Mit ihrer souligen, gef\u00fchl- und kraftvollen Stimme, kombiniert mit einer au\u00dfergew\u00f6hnlichen B\u00fchnenpr\u00e4senz, zieht sie die Zuh\u00f6rer in ihren Bann. Jennifer schreibt Lieder f\u00fcr Herz, Hirn und Tanzbein und bringt sie mit Seele auf die B\u00fchne. Sie singt und spricht \u00fcber all das, was ihr wichtig ist und nimmt dabei kein Blatt vor den Mund.Wie viel Soul und Roots in ihr steckt zeigt sie unter anderem als Mitglied der HEATWAVE-Crew und in der Soulrise Band mit Martin Zobel.Als Gewinnerin mehrerer Auszeichnungen und Kollaborationen mit verschiedenen K\u00fcnstlern wie Marlene Johnson, Ganjaman und Yah Meek, brachte sie Anfang 2013 ihre eigene EP \u201eReady\u201c heraus.Miss Washington pr\u00e4sentiert sich als noch junge, aber energiegeladene Artista mit viel Ausstrahlung und begnadeter Stimme \u2013 eine K\u00fcnstlerin mit Leib und Seele!<\/p>\n<ul>\n<li><a href=\"https:\/\/www.facebook.com\/jennifer.washington.94\" target=\"_blank\">Jennifer auf Facebook<\/a><\/li>\n<li><a href=\"https:\/\/myspace.com\/jennywashington\/music\/songs\" target=\"_blank\">myspace<\/a><\/li>\n<\/ul>\n<p>&nbsp;<\/td>\n<\/tr>\n<tr>\n<td align=\"left\" valign=\"top\"><img loading=\"lazy\" class=\"alignleft size-medium wp-image-1221\" alt=\"artist_turnaround\" src=\"http:\/\/rockberg-verein.de\/_wp\/wp-content\/uploads\/artist_turnaround-300x199.jpg\" width=\"300\" height=\"199\" srcset=\"http:\/\/rockberg-verein.de\/_wp\/wp-content\/uploads\/artist_turnaround-300x199.jpg 300w, http:\/\/rockberg-verein.de\/_wp\/wp-content\/uploads\/artist_turnaround-1024x680.jpg 1024w, http:\/\/rockberg-verein.de\/_wp\/wp-content\/uploads\/artist_turnaround.jpg 1174w\" sizes=\"(max-width: 300px) 100vw, 300px\" \/><\/p>\n<div class=\"youtube\" style=\"width: 300;\"><object width=\"300\" height=\"240\" classid=\"clsid:d27cdb6e-ae6d-11cf-96b8-444553540000\" codebase=\"http:\/\/download.macromedia.com\/pub\/shockwave\/cabs\/flash\/swflash.cab#version=6,0,40,0\"><param name=\"wmode\" value=\"transparent\" \/><param name=\"src\" value=\"http:\/\/www.youtube.com\/v\/dru5vgUa63c?autoplay=0\" \/><embed width=\"300\" height=\"240\" type=\"application\/x-shockwave-flash\" src=\"http:\/\/www.youtube.com\/v\/dru5vgUa63c?autoplay=0\" wmode=\"transparent\" \/><\/object><\/div>\n<\/td>\n<td align=\"left\" valign=\"top\"><span style=\"font-size: 14px;\"><b>Turnaround<\/b><\/span> zeigen, wie \u00fcberraschend vielseitig Soul-Musik im Akustikgewand klingen kann. Das Quartett ist zur\u00fcckgekehrt zu den Wurzeln des Soul und nennt seinen Stil selbstbewusst \u201espicy new soul\u201c.<br \/>\nSoul in seiner reinsten Form ist der ausdrucksstarke Gesang. Olympia Poptsias-Buchers Stimme setzt zweifelsfrei Ma\u00dfst\u00e4be.<br \/>\nDer Gitarrist Michl Hettmer hat den Soul-Sound in den Fingern. Seine Gitarre schluchzt, brabbelt, jubelt und liefert die Farben f\u00fcr die soulige Mixtur.<br \/>\nBernd Kretzer steuert mit seinem Kontra-Bass groovige Soul-Bass-Linien bei, die in die Beine gehen.<br \/>\nGerhard Kenner zeigt mit Verve und Soul, wie man die Rhythmus-Aufgabe in einer Band auch ausf\u00fcllen kann.<br \/>\nNeben Eigenkompositionen in englischer und griechischer Sprache liefert das Quartett den Beweis ab, dass es auch versteht, Klassiker soulig interpretieren zu k\u00f6nnen. Stilistisch bedient sich Turnaround gerne bei den Genres des Pop, Latin, Blues und Gypsy.<br \/>\nEinfach Musik f\u00fcr die Seele.<\/p>\n<ul>\n<li><a href=\"https:\/\/www.facebook.com\/pages\/Turnaround\/294473110581946\" target=\"_blank\">Turnaround auf Facebook<\/a><\/li>\n<\/ul>\n<\/td>\n<\/tr>\n<tr>\n<td align=\"left\" valign=\"top\">\u00a0<img class=\"alignleft  wp-image-1220\" alt=\"artist_kleine_band\" src=\"http:\/\/rockberg-verein.de\/_wp\/wp-content\/uploads\/artist_kleine_band.jpg\" width=\"300\" srcset=\"http:\/\/rockberg-verein.de\/_wp\/wp-content\/uploads\/artist_kleine_band.jpg 640w, http:\/\/rockberg-verein.de\/_wp\/wp-content\/uploads\/artist_kleine_band-200x300.jpg 200w\" sizes=\"(max-width: 640px) 100vw, 640px\" \/><\/td>\n<td align=\"left\" valign=\"top\"><span style=\"font-size: 14px;\"><b>Unsre kleine Band <\/b><\/span>In einer Zeit, in der Seele und Substanz blankem Entertainment und Plastik gewichen sind, in welcher der Tr\u00e4umer einsamer ist als jemals zuvor, Geschmack gleichbedeutend f\u00fcr Konformit\u00e4t steht und Kunst gewissenloser konsumiert wird als B\u00e4rlauch, hat sich eine Bande hungriger Klangrebellen aufgemacht, sich dem Strom entgegenzustellen.Sie sind kreativ, intensiv und ehrlich. Sie spielen Musik mit Seele. Sie singen Texte mit Tiefgang. Sie sind Unsre kleine Band.Egal wie man es nennen mag: Modern Liedermaching oder Rock`n`Soul, die Band bringt mit ihrer Musik die ganze Bandbreite musikalischer Gef\u00fchle zum Schwingen und verschmilzt chillige Grooves, feine, mehrstimmige Melodien, funky Basslines, ehrliche deutsche Texte und echte Gitarren zu einer Mixtur, die unter die Haut geht und in Kopf, Herz und Beinen h\u00e4ngen bleibt.<\/p>\n<p><a href=\"https:\/\/www.facebook.com\/unsrekleineband\" target=\"_blank\">Unsre kleine Band auf Facebook<\/a><\/td>\n<\/tr>\n<tr>\n<td align=\"left\" valign=\"top\">\n<div class=\"youtube\" style=\"width: 300;\"><a href=\"http:\/\/rockberg-verein.de\/_wp\/wp-content\/uploads\/artist_mufforchester.jpg\" data-rel=\"lightbox-image-0\" data-rl_title=\"\" data-rl_caption=\"\" title=\"\"><img loading=\"lazy\" class=\"alignnone size-full wp-image-1192\" alt=\"artist_mufforchester\" src=\"http:\/\/rockberg-verein.de\/_wp\/wp-content\/uploads\/artist_mufforchester.jpg\" width=\"300\" height=\"200\" \/><\/a><object width=\"300\" height=\"240\" classid=\"clsid:d27cdb6e-ae6d-11cf-96b8-444553540000\" codebase=\"http:\/\/download.macromedia.com\/pub\/shockwave\/cabs\/flash\/swflash.cab#version=6,0,40,0\"><param name=\"wmode\" value=\"transparent\" \/><param name=\"src\" value=\"http:\/\/www.youtube.com\/v\/OiTeUOG6dfc?autoplay=0\" \/><embed width=\"300\" height=\"240\" type=\"application\/x-shockwave-flash\" src=\"http:\/\/www.youtube.com\/v\/OiTeUOG6dfc?autoplay=0\" wmode=\"transparent\" \/><\/object><\/div>\n<\/td>\n<td align=\"left\" valign=\"top\">Manchmal macht der Zufall die beste Musik &#8230;&#8230; zum Beispiel diesen jazzigen und bisweilen auch trashigen Chanson-Pop: mitrei\u00dfend unverbrauchte Melodien, brillant gesetzte und nicht selten gegen den Strich geb\u00fcrstete Arrangements, die vor rauer Lebendigkeit nur so strotzen. Diese Musik, dieser Sound undvor allem diese Performance sind erfrischend anders.Freigeistig, eigenst\u00e4ndig, sperrig, witzig, muffig, unperfekt richtig und vor allem richtig unterhaltsam.Das alles ist <span style=\"font-size: 14px;\"><b>das mufforchester<\/b><\/span> aus Karlsruhe. Jedes Konzert ein Unikat des kreativen Wahnsinns.In ihren Songs verhandeln sie nicht weniger als die gro\u00dfen Fragen unserer Zeit: \u201eLassen sich die Sp\u00e4tfolgen von \u00fcberm\u00e4\u00dfigem Alkoholgenuss durch logop\u00e4dische \u00dcbungen mildern?\u201c, \u201eWas sagt uns die Crema eines guten Espresso \u00fcber italienische Frauen?\u201c und nicht zuletzt: \u201eDarf man angeheiratete Familienangeh\u00f6rige essen?\u201c Und das in bisweilen absurd wohlgesetzten Worten und mit einer Musik, die alle Genre-Etiketten \u00fcber den Haufen wirft; die Chanson, Pop, Folk, Latin und Jazz respektlos mischt und doch nur Eines ist: n\u00e4mlich verdammt gut.<\/p>\n<ul>\n<li><a href=\"http:\/\/www.mufforchester.de\" target=\"_blank\">mufforchester website<\/a><\/li>\n<\/ul>\n<\/td>\n<\/tr>\n<tr>\n<td align=\"left\" valign=\"top\">\u00a0<img loading=\"lazy\" class=\"alignleft size-medium wp-image-1219\" alt=\"artist_dana_left_overs\" src=\"http:\/\/rockberg-verein.de\/_wp\/wp-content\/uploads\/artist_dana_left_overs-300x186.jpg\" width=\"300\" height=\"186\" srcset=\"http:\/\/rockberg-verein.de\/_wp\/wp-content\/uploads\/artist_dana_left_overs-300x186.jpg 300w, http:\/\/rockberg-verein.de\/_wp\/wp-content\/uploads\/artist_dana_left_overs.jpg 960w\" sizes=\"(max-width: 300px) 100vw, 300px\" \/><\/td>\n<td align=\"left\" valign=\"top\">Er\u00f6ffnet wird der Abend von<span style=\"font-size: 14px;\"><b> Dana &amp; the left behinds<\/b><\/span>, auch wenn es sie eigentlich gar nicht gibt. Zumindest nicht so. Dana, eine kreative Allrounderin mit Klavier im Schlepptau und Spinnereien im Kopf, hat zu Beginn des Jahres mit &#8222;Shadow Girls&#8220; ein autobiografisches Buch zusammen mit passenden Songs ver\u00f6ffentlicht. Ein Werk, das mit viel Mut, Selbstironie und Augenzwinkern aus dem ganz normalen Wahnsinn eines kleinen M\u00e4dchens in einer zu gro\u00dfen Welt erz\u00e4hlt.F\u00fcr die Rockberg Akustik Nacht spielt sie nun zusammen mit der Band &#8222;The Left Behinds&#8220; aus N\u00fcrnberg und Freunden aus dem Kulturverein WAK ein buntes Programm zwischen Singer\/Songwriter und Acoustic Rock. Tiefgehend, ohne sich selbst allzu ernst zu nehmen, aber immer pers\u00f6nlich &#8211; Vielleicht nicht laut, aber echt.&#8220;<\/td>\n<\/tr>\n<tr>\n<td colspan=\"2\"><span style=\"color: #999999;\">copyright der incredible Bandtexte wie immer by Flo \ud83d\ude42<br \/>\n<\/span><span style=\"color: #999999;\">Mehr Bilder und H\u00f6rproben kommen sobald verf\u00fcgbar!<\/span><\/td>\n<\/tr>\n<\/tbody>\n<\/table>\n<p>&nbsp;<\/p>\n<p>&nbsp;<\/p>\n","protected":false},"excerpt":{"rendered":"<p>Rockberg Akustik Nacht 2014 5. Januar 2014 Speckdrumm Ansbach 19.30 Uhr Zum 4. Mal kommt die Rockberg Akustik Nacht in den Kulturverein Speckdrumm. Wie bereits in den Vorjahren moderiert Wortakrobat Michael Jakob einen Abend mit toller akustischer Musik ohne Verzerrer und Filter von Soul bis Liedermacher, von Reggae bis Chanson. Stimmungen und Stimmen, Instrumente und [&hellip;]<\/p>\n","protected":false},"author":1,"featured_media":0,"parent":0,"menu_order":0,"comment_status":"open","ping_status":"open","template":"","meta":{"ngg_post_thumbnail":0},"_links":{"self":[{"href":"http:\/\/rockberg-verein.de\/_wp\/wp-json\/wp\/v2\/pages\/1162"}],"collection":[{"href":"http:\/\/rockberg-verein.de\/_wp\/wp-json\/wp\/v2\/pages"}],"about":[{"href":"http:\/\/rockberg-verein.de\/_wp\/wp-json\/wp\/v2\/types\/page"}],"author":[{"embeddable":true,"href":"http:\/\/rockberg-verein.de\/_wp\/wp-json\/wp\/v2\/users\/1"}],"replies":[{"embeddable":true,"href":"http:\/\/rockberg-verein.de\/_wp\/wp-json\/wp\/v2\/comments?post=1162"}],"version-history":[{"count":41,"href":"http:\/\/rockberg-verein.de\/_wp\/wp-json\/wp\/v2\/pages\/1162\/revisions"}],"predecessor-version":[{"id":1231,"href":"http:\/\/rockberg-verein.de\/_wp\/wp-json\/wp\/v2\/pages\/1162\/revisions\/1231"}],"wp:attachment":[{"href":"http:\/\/rockberg-verein.de\/_wp\/wp-json\/wp\/v2\/media?parent=1162"}],"curies":[{"name":"wp","href":"https:\/\/api.w.org\/{rel}","templated":true}]}}