{"id":1160,"date":"2013-12-05T13:10:10","date_gmt":"2013-12-05T12:10:10","guid":{"rendered":"http:\/\/rockberg-verein.de\/_wp\/?page_id=1160"},"modified":"2013-12-05T13:10:10","modified_gmt":"2013-12-05T12:10:10","slug":"rockberg-akustik-nacht-2013","status":"publish","type":"page","link":"http:\/\/rockberg-verein.de\/_wp\/rockberg-akustik-nacht-2013","title":{"rendered":"Rockberg Akustik Nacht 2013"},"content":{"rendered":"<table style=\"width: 100%;\" border=\"0\" cellspacing=\"2\" cellpadding=\"5\">\n<tbody>\n<tr align=\"left\" valign=\"top\">\n<td colspan=\"2\">\n<h1>Die Rockberg Akustik Nacht 2013<\/h1>\n<p>am 5. Januar 2013 um 19:30 Uhr im Speckdrumm Ansbach!<\/p>\n<p><span style=\"color: #ff0000;\"><strong>Vielen Dank an alle Helfer, G\u00e4ste und K\u00fcnstler &#8211; es war ein Traum!<\/strong><\/span><\/p>\n<p style=\"text-align: center;\"><a title=\"Rockberg Akustik Nacht 3 \u2013 Bilder\" href=\"http:\/\/rockberg-verein.de\/_wp\/rockberg-akustik-nacht-3-20130105\"><strong>HIER geht&#8217;s zu den Fotos &gt;&gt;&gt;<\/strong><\/a><a href=\"http:\/\/www.rockberg-verein.de\/_gallery3\/index.php\/rockberg_akustik_nacht\/Akustik-Nacht-2013\" target=\"_blank\"><strong> &lt;&lt;&lt; aber HIER auch!<\/strong><\/a><\/p>\n<\/td>\n<\/tr>\n<tr align=\"center\" valign=\"top\">\n<td colspan=\"2\"><img loading=\"lazy\" class=\"size-medium wp-image-800 alignnone\" style=\"margin-left: 20px; margin-right: 20px;\" title=\"final_front\" alt=\"\" src=\"http:\/\/rockberg-verein.de\/_wp\/wp-content\/uploads\/final_front-213x300.jpg\" width=\"213\" height=\"300\" srcset=\"http:\/\/rockberg-verein.de\/_wp\/wp-content\/uploads\/final_front-213x300.jpg 213w, http:\/\/rockberg-verein.de\/_wp\/wp-content\/uploads\/final_front-730x1024.jpg 730w, http:\/\/rockberg-verein.de\/_wp\/wp-content\/uploads\/final_front.jpg 1264w\" sizes=\"(max-width: 213px) 100vw, 213px\" \/><img loading=\"lazy\" class=\"size-medium wp-image-799 alignnone\" style=\"margin-left: 20px; margin-right: 20px;\" title=\"final_back\" alt=\"\" src=\"http:\/\/rockberg-verein.de\/_wp\/wp-content\/uploads\/final_back-213x300.jpg\" width=\"213\" height=\"300\" srcset=\"http:\/\/rockberg-verein.de\/_wp\/wp-content\/uploads\/final_back-213x300.jpg 213w, http:\/\/rockberg-verein.de\/_wp\/wp-content\/uploads\/final_back-730x1024.jpg 730w, http:\/\/rockberg-verein.de\/_wp\/wp-content\/uploads\/final_back.jpg 1264w\" sizes=\"(max-width: 213px) 100vw, 213px\" \/><\/td>\n<\/tr>\n<tr align=\"left\" valign=\"top\">\n<td colspan=\"2\"><span style=\"font-size: 14px;\">Ein Grammy-Nominee, die Stimme Skandinaviens, Folk und mehr! Die 3. Rockberg Akustik Nacht wird ein musikalisches Highlight der Extraklasse!<\/span><\/td>\n<\/tr>\n<tr align=\"left\" valign=\"top\">\n<td colspan=\"2\">\n<ul>\n<li><span style=\"font-size: 16px;\">Martin Zobel<\/span><\/li>\n<li><span style=\"font-size: 16px;\">Nanne Emelie<\/span><\/li>\n<li><span style=\"font-size: 16px;\">Meine neue Band<\/span><\/li>\n<li><span style=\"font-size: 16px;\">The Black Elephant Band<\/span><\/li>\n<li><span style=\"font-size: 16px;\">Joe Bomhard &amp; those damn folks<\/span><\/li>\n<\/ul>\n<\/td>\n<\/tr>\n<tr align=\"left\" valign=\"top\">\n<td>\n<h1>Martin Zobel<\/h1>\n<p><img loading=\"lazy\" class=\"alignleft size-medium wp-image-823\" title=\"Martinklein\" alt=\"\" src=\"http:\/\/rockberg-verein.de\/_wp\/wp-content\/uploads\/Martinklein-300x199.jpg\" width=\"300\" height=\"199\" srcset=\"http:\/\/rockberg-verein.de\/_wp\/wp-content\/uploads\/Martinklein-300x199.jpg 300w, http:\/\/rockberg-verein.de\/_wp\/wp-content\/uploads\/Martinklein-1024x682.jpg 1024w, http:\/\/rockberg-verein.de\/_wp\/wp-content\/uploads\/Martinklein.jpg 1418w\" sizes=\"(max-width: 300px) 100vw, 300px\" \/><\/p>\n<div class=\"youtube\" style=\"width: 300;\"><object width=\"300\" height=\"240\" classid=\"clsid:d27cdb6e-ae6d-11cf-96b8-444553540000\" codebase=\"http:\/\/download.macromedia.com\/pub\/shockwave\/cabs\/flash\/swflash.cab#version=6,0,40,0\"><param name=\"wmode\" value=\"transparent\" \/><param name=\"src\" value=\"http:\/\/www.youtube.com\/v\/ZdKR4HsNb9I\" \/><embed width=\"300\" height=\"240\" type=\"application\/x-shockwave-flash\" src=\"http:\/\/www.youtube.com\/v\/ZdKR4HsNb9I\" wmode=\"transparent\" \/><\/object><\/div>\n<\/td>\n<td>ist ein Reisender, ein musikalischer Wanderer, ein Reggae-Botschafter.Immer mit dabei: seine Gitarre und seine sagenhafte Stimme, die eindringlich und doch warm, melancholisch und doch optimistisch klingt. Egal ob mit seiner Band Soulrise oder Solo akkustisch, Martin hat etwas zu sagen bzw. zu singen und das tut er! Mit seiner ehrlichen und unbefangenen Art Songs zu schreiben, seiner gleichzeitig au\u00dfergew\u00f6hnlichen B\u00fchnenpr\u00e4senz und nicht zuletzt seiner grandiosen Stimme , spielt er sich in die Herzen der Zuh\u00f6rer .In der deutschen Reggae-Szene ist Martin Zobel mittlerweile ein fester Begriff. Das 2010 er Album \u201eOne Future!\u201c schaffte es in manchen L\u00e4ndern Europas sogar zeitweise in die Top-100 der Charts. Angesichts dessen, dass es sich dabei mit handgemachtem Roots-Reggae doch eher um eine Spartenmusik handelt, eine erstaunliche Leistung.Mit dem neuen Album \u201eLand Of The Free\u201c, das in Europa am 2012 ver\u00f6ffentlicht wurde, ist er ganz aktuell f\u00fcr den Grammy, den wichtigsten Musikpreis der Welt nominiert! Produziert wurde es von keinem Geringeren als der Reggae Legende Fully Fullwood (Bob Marley, Peter Tosh) und es scheint, als haben Fully, Martin &amp; Soulrise mit dieser vollst\u00e4ndig live &amp; analog aufgenommenen LP einen Nerv im sterilen, digitalen Musikzeitalter getroffen.\u201eLand Of The Free\u201c wird von der internationalen Fachpresse als Roots-Reggae Album des Jahres 2012 gefeiert:<\/p>\n<ul>\n<li>&#8222;&#8230;das wahrscheinlich authentischste und hochwertigste Roots-Reggae Album der deutschen Reggae Geschichte!&#8220;<em>RIDDIM-Magazin 03\/12<\/em><\/li>\n<li>&#8222;&#8230;ein wahres Meisterwerk, dass sich mit gro\u00dfer Wahrscheinlichkeit auch auf dem internationalen Markt etablieren wird!&#8220; <em>LIVE IN Magazin Mai\/2012<\/em><\/li>\n<li>&#8222;&#8230;the most massive, premium and genuine Roots-Reggae album ever coming from a German, if not European Reggae artist!&#8220; <em>REGGAEVILLE<\/em><\/li>\n<\/ul>\n<p>Dass die Kritiker mit Ihrer Euphorie nicht alleine da stehen zeigen auch die ersten Zahlen -nach dem Release ging \u201eLand Of The Free\u201c in digitalen Reggae Charts von Amazon direkt auf Platz 1!<\/p>\n<ul>\n<li><a href=\"www.facebook.com\/martinzobelhome\" target=\"_blank\">Martin auf Facebook<\/a><\/li>\n<li><a href=\"http:\/\/www.youtube.com\/user\/MartinZobel\" target=\"_blank\">Martins YouTube Kanal<\/a><\/li>\n<li><a href=\"http:\/\/www.martin-zobel.com\" target=\"_blank\">Martins offizielle Website<\/a><\/li>\n<\/ul>\n<\/td>\n<\/tr>\n<tr>\n<td align=\"left\" valign=\"top\">\n<h1>Nanne Emelie<\/h1>\n<p><img loading=\"lazy\" class=\"alignleft  wp-image-822\" title=\"nanne emelie\" alt=\"\" src=\"http:\/\/rockberg-verein.de\/_wp\/wp-content\/uploads\/nanne-emeli-300x114.jpg\" width=\"300\" height=\"114\" srcset=\"http:\/\/rockberg-verein.de\/_wp\/wp-content\/uploads\/nanne-emeli-300x114.jpg 300w, http:\/\/rockberg-verein.de\/_wp\/wp-content\/uploads\/nanne-emeli.jpg 400w\" sizes=\"(max-width: 300px) 100vw, 300px\" \/><\/p>\n<div class=\"youtube\" style=\"width: 300;\"><object width=\"300\" height=\"240\" classid=\"clsid:d27cdb6e-ae6d-11cf-96b8-444553540000\" codebase=\"http:\/\/download.macromedia.com\/pub\/shockwave\/cabs\/flash\/swflash.cab#version=6,0,40,0\"><param name=\"wmode\" value=\"transparent\" \/><param name=\"src\" value=\"http:\/\/www.youtube.com\/v\/ucoH15AOD2Y\" \/><embed width=\"300\" height=\"240\" type=\"application\/x-shockwave-flash\" src=\"http:\/\/www.youtube.com\/v\/ucoH15AOD2Y\" wmode=\"transparent\" \/><\/object><\/div>\n<\/td>\n<td style=\"width: 100%;\" align=\"left\" valign=\"top\">mehr als die d\u00e4nische Antwort auf Norah Jones!Und doch trifft der Vergleich: Auch die Musik von Nanne Emelie l\u00e4sst sich in keine der g\u00e4ngigen Genre-Schubladen stecken \u2013 und genau deshalb trifft Nanne den musikalischen Nerv unterschiedlichster Menschen:sie packt den verw\u00f6hnten Jazzkenner,fesselt den hippen Musikfreak, der st\u00e4ndig auf der Suche nach Neuem ist undber\u00fchrt eben auch den Mainstream- Radioh\u00f6rer. Jazz-Pop mit Einfl\u00fcssen aus Soul, Rock, Latin aber auch klassischer Natur.Namen wie Melody Gardot, Madeleine Peyroux, Katie Meluha und Billie Holiday fallen einem spontan ein, aber Nanne Emelie l\u00e4sst alle Vergleiche hinter sich.Intensiv und unmittelbar klingt sie, edel zuweilen, herzerweichend wie klangstark und Nanne hat eine grandiose Stimme und wenn sie singt sp\u00fcrt man, dass jede Melodie eine Herzensangelegenheit ist und jedes Fl\u00fcstern ein T\u00f6nen der Seele.Und Nanne Emelie hat etwas zu sagen. Sie setzt sich kritisch mit sich und der immer hektischer werdenden Welt auseinander, die wir alle erst zu dem machen, was sie ist. Es sind wunderbareLieder, die sie schreibt und singt. Die davon handeln, wie man es schafft, ganz bei sich zu bleiben. Trotz alledem\u2026!Nanne Emelie hat mit ihrem Deb\u00fctalbum \u201dOnce Upon A Town\u201d in D\u00e4nemark gro\u00dfen Anklang bei H\u00f6rern, Kritikern und Veranstaltern gefunden \u2013 die beiden Single-Auskopplungen, \u201dGirl Talk\u201d und \u201dTurn Around\u201d finden sich wochenlang in der Radiorotation der f\u00fchrenden Hitsender. (Nur bei uns kennt sie niemand, das muss und WIRD sich \u00e4ndern! Jetzt!)<\/p>\n<ul>\n<li><a href=\"http:\/\/nanneemelie.com\/\" target=\"_blank\">Nannes offizielle Website<\/a><\/li>\n<li><a href=\"www.facebook.com\/nanneemeliemusic\" target=\"_blank\">Nanne auf Facebook<\/a><\/li>\n<li><a href=\"http:\/\/www.youtube.com\/user\/nanneemelie1\" target=\"_blank\">Nannes YouTube Kanal<\/a><\/li>\n<\/ul>\n<\/td>\n<\/tr>\n<tr>\n<td align=\"left\" valign=\"top\">\n<h1>Meine neue Band<\/h1>\n<h1><img loading=\"lazy\" class=\"alignnone size-medium wp-image-412\" alt=\"band_meine_neue_band_finga posta\" src=\"http:\/\/rockberg-verein.de\/_wp\/wp-content\/uploads\/band_meine_neue_band_finga-posta-200x300.jpg\" width=\"200\" height=\"300\" srcset=\"http:\/\/rockberg-verein.de\/_wp\/wp-content\/uploads\/band_meine_neue_band_finga-posta-200x300.jpg 200w, http:\/\/rockberg-verein.de\/_wp\/wp-content\/uploads\/band_meine_neue_band_finga-posta-682x1024.jpg 682w, http:\/\/rockberg-verein.de\/_wp\/wp-content\/uploads\/band_meine_neue_band_finga-posta.jpg 1460w\" sizes=\"(max-width: 200px) 100vw, 200px\" \/><\/h1>\n<p>&nbsp;<\/td>\n<td align=\"left\" valign=\"top\">In einer Zeit, in der Seele und Substanz blankem Entertainment und Plastik gewichen sind, in welcher der Tr\u00e4umer einsamer ist als jemals zuvor, Geschmack gleichbedeutend f\u00fcr Konformit\u00e4t steht und Kunst gewissenloser konsumiert wird als B\u00e4rlauch, hat sich eine Bande hungriger Klangrebellen aufgemacht, sich dem Strom entgegenzustellen. Hoch wie auf Wolken in Allem und Nichts. Von au\u00dfen klein, aber innen grenzenlos. Bescheiden, versiert und doch nie ganz zufrieden.<br \/>\nSie sind kreativ, intensiv und ehrlich. Sie spielen Musik mit Seele. Sie singen Texte mit Tiefgang. Sie sind MEINE NEUE BAND.Egal wie man es nennen mag: Modern Liedermaching oder Rock`n`Soul, die Band bringt mit ihrer Musik die ganze Bandbreite musikalischer Gef\u00fchle zum Schwingen und verschmilzt chillige Grooves, feine, mehrstimmige Melodien, funky Basslines, ehrliche deutsche Texte und echte Gitarren zu einer Mixtur, die unter die Haut geht und garniert mit verschiedensten musikalischen Einfl\u00fcssen in Kopf, Herz und Beinen h\u00e4ngen bleibt.<\/td>\n<\/tr>\n<tr>\n<td align=\"left\" valign=\"top\">\n<h1><strong>The Black Elephant Band<\/strong><\/h1>\n<h1><strong><img loading=\"lazy\" class=\"alignnone size-medium wp-image-870\" alt=\"rbv_bands_the_black_elephant_man\" src=\"http:\/\/rockberg-verein.de\/_wp\/wp-content\/uploads\/rbv_bands_the_black_elephant_man-300x180.jpg\" width=\"300\" height=\"180\" srcset=\"http:\/\/rockberg-verein.de\/_wp\/wp-content\/uploads\/rbv_bands_the_black_elephant_man-300x180.jpg 300w, http:\/\/rockberg-verein.de\/_wp\/wp-content\/uploads\/rbv_bands_the_black_elephant_man-1024x617.jpg 1024w, http:\/\/rockberg-verein.de\/_wp\/wp-content\/uploads\/rbv_bands_the_black_elephant_man.jpg 1462w\" sizes=\"(max-width: 300px) 100vw, 300px\" \/> <\/strong><\/h1>\n<\/td>\n<td align=\"left\" valign=\"top\">Eine Akustik-Gitarre, eine Stimme, Witz und Schmerzfreiheit, fertig ist die perfekte Bluespunk-Folk Mischung! Klingt irgendwie als h\u00e4tte der junge Bob Dylan mit Tenecios D einen gerhobern. Was Jan Bratenstein macht, macht Spa\u00df, regt zum Mitsingen an und man muss sich nur das w\u00e4rmende Lagerfeuer dazu denken, um die perfekte Stimmung zu haben. Er beherrscht den harten Politsong wie die weiche Ballade auf der Akustikgitarre und verzichtet dabei auf zu viel Perfektion, legt mehr Wert auf direkte und ehrliche Wirkung. Authentisch und absolut h\u00f6renswert.<\/td>\n<\/tr>\n<tr>\n<td colspan=\"2\">\n<h1>Joe Bomhard &amp; those damn folks<\/h1>\n<p>Eines sch\u00f6nen tages trafen sich die vier freunde auf einer lichtung am rande des waldes. die sonne stand noch hoch. ein gro\u00dfer alter baum in der mitte der lichtung spendete schatten und n\u00fcsse, und so lie\u00dfen sich die drei zu seinen f\u00fc\u00dfen nieder. tanzt, singt, spielt mir etwas. ich spende euch schatten und n\u00fcsse, ich bitte euch, spendet auch ihr mir etwas von euch.<br \/>\nund so verbrachten die vier den ganzen tag und die ganze nacht zusammen unter dem sternenzelt, gaben was sie hatten, nahmen was sie konnten. Wir freuen uns auf handgemachte Gitarrenmusik, deutsche Texte f\u00fcr Herz und Hirn, fernab von Pop und Belanglosikkeit und Melodien zum tr\u00e4umen.<\/td>\n<\/tr>\n<tr>\n<td colspan=\"2\">Bisher dabei:<strong> Martin Zobel<\/strong> (Akustik Reaggae), <strong>Your wings fly<\/strong> (Akustik Storytelling), <strong>Pepe Nero<\/strong> (Akustik Gypsie),<strong> Crocodiles<\/strong> (Singer\/Songwriter),<strong> reFLOlution<\/strong>(Modern Liedermaching) und viele mehr.Aktuelles zur Rockberg Akustik Nacht immer hier!N\u00e4chster Termin: 5. Januar 2013 Rockberg Akustik Nacht mit <strong>Meine neue Band<\/strong> (Akustik Rock`n`Soul),<strong> Martin Zobel<\/strong> (Akustik Reaggae),<strong> Michl Jakob<\/strong> (PoetrySlam) und vielem mehr! Vormerken!!!<\/td>\n<\/tr>\n<\/tbody>\n<\/table>\n<p>&nbsp;<\/p>\n<p>&nbsp;<\/p>\n","protected":false},"excerpt":{"rendered":"<p>Die Rockberg Akustik Nacht 2013 am 5. Januar 2013 um 19:30 Uhr im Speckdrumm Ansbach! Vielen Dank an alle Helfer, G\u00e4ste und K\u00fcnstler &#8211; es war ein Traum! HIER geht&#8217;s zu den Fotos &gt;&gt;&gt; &lt;&lt;&lt; aber HIER auch! Ein Grammy-Nominee, die Stimme Skandinaviens, Folk und mehr! Die 3. Rockberg Akustik Nacht wird ein musikalisches Highlight [&hellip;]<\/p>\n","protected":false},"author":1,"featured_media":0,"parent":0,"menu_order":0,"comment_status":"open","ping_status":"open","template":"","meta":{"ngg_post_thumbnail":0},"_links":{"self":[{"href":"http:\/\/rockberg-verein.de\/_wp\/wp-json\/wp\/v2\/pages\/1160"}],"collection":[{"href":"http:\/\/rockberg-verein.de\/_wp\/wp-json\/wp\/v2\/pages"}],"about":[{"href":"http:\/\/rockberg-verein.de\/_wp\/wp-json\/wp\/v2\/types\/page"}],"author":[{"embeddable":true,"href":"http:\/\/rockberg-verein.de\/_wp\/wp-json\/wp\/v2\/users\/1"}],"replies":[{"embeddable":true,"href":"http:\/\/rockberg-verein.de\/_wp\/wp-json\/wp\/v2\/comments?post=1160"}],"version-history":[{"count":1,"href":"http:\/\/rockberg-verein.de\/_wp\/wp-json\/wp\/v2\/pages\/1160\/revisions"}],"predecessor-version":[{"id":1161,"href":"http:\/\/rockberg-verein.de\/_wp\/wp-json\/wp\/v2\/pages\/1160\/revisions\/1161"}],"wp:attachment":[{"href":"http:\/\/rockberg-verein.de\/_wp\/wp-json\/wp\/v2\/media?parent=1160"}],"curies":[{"name":"wp","href":"https:\/\/api.w.org\/{rel}","templated":true}]}}